{"id":32,"date":"2024-08-08T18:45:45","date_gmt":"2024-08-08T18:45:45","guid":{"rendered":"https:\/\/simply-out-tours.de\/?page_id=32"},"modified":"2026-01-03T11:26:25","modified_gmt":"2026-01-03T10:26:25","slug":"betriebliche-gesundheitsfoerderung","status":"publish","type":"page","link":"https:\/\/simply-out-tours.de\/en\/ideen-fuer-unternehmen\/betriebliche-gesundheitsfoerderung\/","title":{"rendered":"Company health promotion"},"content":{"rendered":"[et_pb_section fb_built=&#8220;1&#8243; admin_label=&#8220;section&#8220; _builder_version=&#8220;4.24.2&#8243; background_image=&#8220;https:\/\/simply-out-tours.de\/wp-content\/uploads\/2024\/09\/simply-out-tours-004.jpg&#8220; width=&#8220;99%&#8220; module_alignment=&#8220;center&#8220; custom_margin=&#8220;10px|10px|10px|10px|false|false&#8220; da_disable_devices=&#8220;off|off|off&#8220; border_radii=&#8220;off||100px||100px&#8220; global_colors_info=&#8220;{}&#8220; da_is_popup=&#8220;off&#8220; da_exit_intent=&#8220;off&#8220; da_has_close=&#8220;on&#8220; da_alt_close=&#8220;off&#8220; da_dark_close=&#8220;off&#8220; da_not_modal=&#8220;on&#8220; da_is_singular=&#8220;off&#8220; da_with_loader=&#8220;off&#8220; da_has_shadow=&#8220;on&#8220;][et_pb_row admin_label=&#8220;row&#8220; _builder_version=&#8220;4.16&#8243; background_size=&#8220;initial&#8220; background_position=&#8220;top_left&#8220; background_repeat=&#8220;repeat&#8220; global_colors_info=&#8220;{}&#8220;][et_pb_column type=&#8220;4_4&#8243; _builder_version=&#8220;4.16&#8243; custom_padding=&#8220;|||&#8220; global_colors_info=&#8220;{}&#8220; custom_padding__hover=&#8220;|||&#8220;][et_pb_text content_tablet=&#8220;<h1>Betriebliche Gesundheitsf\u00f6rderung<\/h1>\n<p><\/p>\n<div id=%22gtx-trans%22 style=%22position: absolute; left: 237px; top: -0.5625px;%22>\n<div class=%22gtx-trans-icon%22><\/div>\n<\/div>&#8220; content_phone=&#8220;<h1>Betriebliche Gesundheits- f\u00f6rderung<\/h1>\n<p><\/p>&#8220; content_last_edited=&#8220;on|phone&#8220; admin_label=&#8220;Text&#8220; _builder_version=&#8220;4.24.2&#8243; text_text_color=&#8220;#000000&#8243; text_font_size=&#8220;46px&#8220; header_text_color=&#8220;#FFFFFF&#8220; header_font_size=&#8220;43px&#8220; background_size=&#8220;initial&#8220; background_position=&#8220;top_left&#8220; background_repeat=&#8220;repeat&#8220; text_orientation=&#8220;center&#8220; global_colors_info=&#8220;{}&#8220;]<h1>Betriebliche Gesundheitsf\u00f6rderung<\/h1>\n<p><\/p>\n<div id=\"gtx-trans\" style=\"position: absolute; left: 237px; top: -0.5625px;\">\n<div class=\"gtx-trans-icon\"><\/div>\n<\/div>[\/et_pb_text][\/et_pb_column][\/et_pb_row][\/et_pb_section][et_pb_section fb_built=&#8220;1&#8243; custom_padding_last_edited=&#8220;on|phone&#8220; _builder_version=&#8220;4.24.2&#8243; _module_preset=&#8220;default&#8220; custom_padding=&#8220;90px||90px||true|&#8220; custom_padding_tablet=&#8220;40px||40px||true|false&#8220; custom_padding_phone=&#8220;0px||0px||true|false&#8220; da_disable_devices=&#8220;off|off|off&#8220; global_colors_info=&#8220;{}&#8220; da_is_popup=&#8220;off&#8220; da_exit_intent=&#8220;off&#8220; da_has_close=&#8220;on&#8220; da_alt_close=&#8220;off&#8220; da_dark_close=&#8220;off&#8220; da_not_modal=&#8220;on&#8220; da_is_singular=&#8220;off&#8220; da_with_loader=&#8220;off&#8220; da_has_shadow=&#8220;on&#8220;][et_pb_row column_structure=&#8220;3_5,2_5&#8243; _builder_version=&#8220;4.24.2&#8243; _module_preset=&#8220;default&#8220; global_colors_info=&#8220;{}&#8220;][et_pb_column type=&#8220;3_5&#8243; _builder_version=&#8220;4.24.2&#8243; _module_preset=&#8220;default&#8220; global_colors_info=&#8220;{}&#8220;][et_pb_text _builder_version=&#8220;4.24.2&#8243; _module_preset=&#8220;default&#8220; text_font=&#8220;||||||||&#8220; text_text_color=&#8220;#000000&#8243; text_font_size=&#8220;18px&#8220; header_font=&#8220;||||||||&#8220; header_2_font=&#8220;|600|||||||&#8220; header_2_text_color=&#8220;#6ccce2&#8243; global_colors_info=&#8220;{}&#8220;]<h2 class=\"elementor-heading-title elementor-size-default\">RAUS MIT EUCH!<br \/>Gesundheit an frischer Luft f\u00f6rdern \u2014 ab in die Natur des Ruhrgebiets<\/h2>\n<p data-start=\"109\" data-end=\"168\" class=\"\"><strong data-start=\"109\" data-end=\"166\">Gesundheit und Natur \u2013 eine unschlagbare Kombination.<\/strong><\/p>\n<p data-start=\"170\" data-end=\"486\" class=\"\">Wir verbinden beides, indem wir Gesundheitsf\u00f6rderung nach drau\u00dfen verlagern. Denn Stressbew\u00e4ltigung funktioniert in der Natur am besten: W\u00e4lder senken nachweislich den Blutdruck und f\u00f6rdern Entspannung. Gleichzeitig leiden viele Menschen \u2013 vielleicht auch Sie und Ihr Team \u2013 unter einem Mangel an Naturerlebnissen.<\/p>\n<p data-start=\"488\" data-end=\"749\" class=\"\">Also, <strong data-start=\"494\" data-end=\"513\">raus mit EUCH!<\/strong> Gesundheitsf\u00f6rderung im Team ist f\u00fcr alle machbar \u2013 ob zu Fu\u00df oder mit dem Rad, immer an der frischen Luft und mit Tageslicht. Dank unserer vielseitigen Qualifikationen gestalten wir Ihr Outdoor-Programm individuell und wirkungsvoll.<\/p>[\/et_pb_text][\/et_pb_column][et_pb_column type=&#8220;2_5&#8243; _builder_version=&#8220;4.24.2&#8243; _module_preset=&#8220;default&#8220; global_colors_info=&#8220;{}&#8220;][\/et_pb_column][\/et_pb_row][et_pb_row _builder_version=&#8220;4.24.2&#8243; _module_preset=&#8220;default&#8220; global_colors_info=&#8220;{}&#8220;][et_pb_column type=&#8220;4_4&#8243; _builder_version=&#8220;4.24.2&#8243; _module_preset=&#8220;default&#8220; global_colors_info=&#8220;{}&#8220;][et_pb_code _builder_version=&#8220;4.24.2&#8243; _module_preset=&#8220;default&#8220; hover_enabled=&#8220;0&#8243; sticky_enabled=&#8220;0&#8243;]<!-- FareHarbor item grid of flow #1538431 --><!-- [et_pb_line_break_holder] --><script src=\"https:\/\/fareharbor.com\/embeds\/script\/items\/simply-out-tours\/?full-items=yes&#038;fallback=simple&#038;flow=1538431\"><\/script>[\/et_pb_code][\/et_pb_column][\/et_pb_row][\/et_pb_section][et_pb_section fb_built=&#8220;1&#8243; _builder_version=&#8220;4.24.2&#8243; _module_preset=&#8220;default&#8220; background_color=&#8220;rgba(0,0,0,0.77)&#8220; background_image=&#8220;https:\/\/simply-out-tours.de\/wp-content\/uploads\/2024\/08\/IMG_2704-scaled.jpg&#8220; background_blend=&#8220;multiply&#8220; custom_padding=&#8220;90px||90px||true|&#8220; da_disable_devices=&#8220;off|off|off&#8220; global_colors_info=&#8220;{}&#8220; da_is_popup=&#8220;off&#8220; da_exit_intent=&#8220;off&#8220; da_has_close=&#8220;on&#8220; da_alt_close=&#8220;off&#8220; da_dark_close=&#8220;off&#8220; da_not_modal=&#8220;on&#8220; da_is_singular=&#8220;off&#8220; da_with_loader=&#8220;off&#8220; da_has_shadow=&#8220;on&#8220;][et_pb_row column_structure=&#8220;1_2,1_2&#8243; _builder_version=&#8220;4.24.2&#8243; _module_preset=&#8220;default&#8220; global_colors_info=&#8220;{}&#8220;][et_pb_column type=&#8220;1_2&#8243; _builder_version=&#8220;4.24.2&#8243; _module_preset=&#8220;default&#8220; global_colors_info=&#8220;{}&#8220;][et_pb_text _builder_version=&#8220;4.24.2&#8243; _module_preset=&#8220;default&#8220; text_font=&#8220;||||||||&#8220; text_text_color=&#8220;#FFFFFF&#8220; text_font_size=&#8220;18px&#8220; header_font=&#8220;||||||||&#8220; header_2_font=&#8220;|600|||||||&#8220; header_2_text_color=&#8220;#FFFFFF&#8220; global_colors_info=&#8220;{}&#8220;]<div class=\"elementor-element elementor-element-b980a32 elementor-widget elementor-widget-heading is-mac\" data-id=\"b980a32\" data-element_type=\"widget\" data-widget_type=\"heading.default\">\n<div class=\"elementor-widget-container\">\n<h2 class=\"elementor-heading-title elementor-size-default\">Unser Programm f\u00fcr Euren betriebsinternen Gesundheitstag<\/h2>\n<\/div>\n<\/div>\n<div class=\"elementor-element elementor-element-2a1b566 elementor-widget elementor-widget-text-editor is-mac\" data-id=\"2a1b566\" data-element_type=\"widget\" data-widget_type=\"text-editor.default\">\n<div class=\"elementor-widget-container\">\n<p>Auf Eurem betrieblichen Gesundheitstag stellen wir Euren Mitarbeitenden gerne unser Programm vor. Wer k\u00f6nnte authentischer von den positiven Erlebnissen in der Natur berichten, die K\u00f6rper, Geist und Seele gesund halten, als unsere Coaches und Trainer<em>innen<\/em>? Unsere Programme fokussieren sich vor allem auf die Pr\u00e4ventionsthemen Bewegung und Entspannung, die sich auch positiv auf Suchtpr\u00e4vention und Resilienz auswirken. Da Ern\u00e4hrung ebenfalls eine wichtige Rolle spielt, erweitern wir unser Team um einen Ern\u00e4hrungsberater*in. Die ersten Food-Coaches haben wir bereits im Blick.<\/p>\n<\/div>\n<\/div>\n<div class=\"elementor-element elementor-element-9742881 elementor-widget elementor-widget-text-editor is-mac\" data-id=\"9742881\" data-element_type=\"widget\" data-widget_type=\"text-editor.default\">\n<div class=\"elementor-widget-container\"><\/div>\n<\/div>[\/et_pb_text][\/et_pb_column][et_pb_column type=&#8220;1_2&#8243; _builder_version=&#8220;4.24.2&#8243; _module_preset=&#8220;default&#8220; global_colors_info=&#8220;{}&#8220;][et_pb_text _builder_version=&#8220;4.24.2&#8243; _module_preset=&#8220;default&#8220; text_font=&#8220;||||||||&#8220; text_text_color=&#8220;#FFFFFF&#8220; text_font_size=&#8220;18px&#8220; header_font=&#8220;||||||||&#8220; header_2_font=&#8220;|600|||||||&#8220; header_2_text_color=&#8220;#FFFFFF&#8220; global_colors_info=&#8220;{}&#8220;]<div class=\"elementor-element elementor-element-b980a32 elementor-widget elementor-widget-heading is-mac\" data-id=\"b980a32\" data-element_type=\"widget\" data-widget_type=\"heading.default\">\n<div class=\"elementor-widget-container\"><\/div>\n<\/div>\n<div class=\"elementor-element elementor-element-53f9d52 elementor-widget elementor-widget-heading is-mac\" data-id=\"53f9d52\" data-element_type=\"widget\" data-widget_type=\"heading.default\">\n<div class=\"elementor-widget-container\">\n<h2 class=\"elementor-heading-title elementor-size-default\">Mit dem Fahrrad sicher und souver\u00e4n unterwegs<\/h2>\n<\/div>\n<\/div>\n<div class=\"elementor-element elementor-element-9742881 elementor-widget elementor-widget-text-editor is-mac\" data-id=\"9742881\" data-element_type=\"widget\" data-widget_type=\"text-editor.default\">\n<div class=\"elementor-widget-container\">\n<p>Die Rad-Touren \u00fcbernehmen die ausgebildeten Rad-Guides und die<span>\u00a0<\/span><span>Fahrsicherheitstrainer\/in\u00a0<\/span>bringen Euch das sichere und souver\u00e4ne Radfahren bei \u2014 egal ob mit oder ohne Motor am Rad. Nicht zuletzt gibt es da noch den inneren Schweinehund, den unsere Motivations-Coaches mit Euch genauer betrachten.<br \/>Das gesamte simply out tours<span>\u00a0<\/span>Team<span>\u00a0<\/span>bietet ein vielseitiges Programm und noch vieles mehr.<\/p>\n<\/div>\n<\/div>[\/et_pb_text][et_pb_button button_url=&#8220;https:\/\/web.admin.bookingkit.com\/onPage\/detail?e=89cb5b89b25026f646185b830200bbb3&#038;preview=true&#038;lang=de&#8220; button_text=&#8220;Mehr Infos&#8220; _builder_version=&#8220;4.24.2&#8243; _module_preset=&#8220;default&#8220; custom_button=&#8220;on&#8220; button_text_color=&#8220;#FFFFFF&#8220; button_bg_color=&#8220;#00845f&#8220; button_border_color=&#8220;#00845f&#8220; global_colors_info=&#8220;{}&#8220;][\/et_pb_button][\/et_pb_column][\/et_pb_row][\/et_pb_section]","protected":false},"excerpt":{"rendered":"<p>Betriebliche Gesundheitsf\u00f6rderung RAUS MIT EUCH!Gesundheit an frischer Luft f\u00f6rdern \u2014 ab in die Natur des Ruhrgebiets Gesundheit und Natur \u2013 eine unschlagbare Kombination. Wir verbinden beides, indem wir Gesundheitsf\u00f6rderung nach drau\u00dfen verlagern. Denn Stressbew\u00e4ltigung funktioniert in der Natur am besten: W\u00e4lder senken nachweislich den Blutdruck und f\u00f6rdern Entspannung. Gleichzeitig leiden viele Menschen \u2013 vielleicht auch [&hellip;]<\/p>\n","protected":false},"author":1,"featured_media":0,"parent":20,"menu_order":0,"comment_status":"closed","ping_status":"closed","template":"","meta":{"_et_pb_use_builder":"on","_et_pb_old_content":"<!-- wp:divi\/placeholder \/-->","_et_gb_content_width":"","om_disable_all_campaigns":false,"_monsterinsights_skip_tracking":false,"_monsterinsights_sitenote_active":false,"_monsterinsights_sitenote_note":"","_monsterinsights_sitenote_category":0,"_uf_show_specific_survey":0,"_uf_disable_surveys":false,"footnotes":""},"class_list":["post-32","page","type-page","status-publish","hentry"],"aioseo_notices":[],"_links":{"self":[{"href":"https:\/\/simply-out-tours.de\/en\/wp-json\/wp\/v2\/pages\/32","targetHints":{"allow":["GET"]}}],"collection":[{"href":"https:\/\/simply-out-tours.de\/en\/wp-json\/wp\/v2\/pages"}],"about":[{"href":"https:\/\/simply-out-tours.de\/en\/wp-json\/wp\/v2\/types\/page"}],"author":[{"embeddable":true,"href":"https:\/\/simply-out-tours.de\/en\/wp-json\/wp\/v2\/users\/1"}],"replies":[{"embeddable":true,"href":"https:\/\/simply-out-tours.de\/en\/wp-json\/wp\/v2\/comments?post=32"}],"version-history":[{"count":17,"href":"https:\/\/simply-out-tours.de\/en\/wp-json\/wp\/v2\/pages\/32\/revisions"}],"predecessor-version":[{"id":974,"href":"https:\/\/simply-out-tours.de\/en\/wp-json\/wp\/v2\/pages\/32\/revisions\/974"}],"up":[{"embeddable":true,"href":"https:\/\/simply-out-tours.de\/en\/wp-json\/wp\/v2\/pages\/20"}],"wp:attachment":[{"href":"https:\/\/simply-out-tours.de\/en\/wp-json\/wp\/v2\/media?parent=32"}],"curies":[{"name":"wp","href":"https:\/\/api.w.org\/{rel}","templated":true}]}}