{"id":321,"date":"2024-09-24T07:59:27","date_gmt":"2024-09-24T07:59:27","guid":{"rendered":"https:\/\/sot.dev32.de\/?page_id=321"},"modified":"2026-01-03T11:35:57","modified_gmt":"2026-01-03T10:35:57","slug":"per-rad","status":"publish","type":"page","link":"https:\/\/simply-out-tours.de\/en\/touren-fuer-private-gruppen\/per-rad\/","title":{"rendered":"Tours by bike"},"content":{"rendered":"[et_pb_section fb_built=&#8220;1&#8243; admin_label=&#8220;section&#8220; _builder_version=&#8220;4.24.2&#8243; background_color=&#8220;rgba(0,0,0,0.46)&#8220; background_image=&#8220;https:\/\/simply-out-tours.de\/wp-content\/uploads\/2024\/09\/simply-out-tours-089.jpg&#8220; background_blend=&#8220;multiply&#8220; width=&#8220;99%&#8220; module_alignment=&#8220;center&#8220; custom_margin=&#8220;10px|10px|10px|10px|false|false&#8220; da_disable_devices=&#8220;off|off|off&#8220; border_radii=&#8220;off||100px||100px&#8220; global_colors_info=&#8220;{}&#8220; da_is_popup=&#8220;off&#8220; da_exit_intent=&#8220;off&#8220; da_has_close=&#8220;on&#8220; da_alt_close=&#8220;off&#8220; da_dark_close=&#8220;off&#8220; da_not_modal=&#8220;on&#8220; da_is_singular=&#8220;off&#8220; da_with_loader=&#8220;off&#8220; da_has_shadow=&#8220;on&#8220;][et_pb_row admin_label=&#8220;row&#8220; _builder_version=&#8220;4.24.2&#8243; background_size=&#8220;initial&#8220; background_position=&#8220;top_left&#8220; background_repeat=&#8220;repeat&#8220; global_colors_info=&#8220;{}&#8220;][et_pb_column type=&#8220;4_4&#8243; _builder_version=&#8220;4.16&#8243; custom_padding=&#8220;|||&#8220; global_colors_info=&#8220;{}&#8220; custom_padding__hover=&#8220;|||&#8220;][et_pb_text admin_label=&#8220;Text&#8220; _builder_version=&#8220;4.24.2&#8243; text_text_color=&#8220;#000000&#8243; text_font_size=&#8220;46px&#8220; header_text_color=&#8220;#FFFFFF&#8220; header_font_size=&#8220;43px&#8220; background_size=&#8220;initial&#8220; background_position=&#8220;top_left&#8220; background_repeat=&#8220;repeat&#8220; text_orientation=&#8220;center&#8220; custom_padding_tablet=&#8220;&#8220; custom_padding_phone=&#8220;14px||14px||true|false&#8220; custom_padding_last_edited=&#8220;on|phone&#8220; global_colors_info=&#8220;{}&#8220;]<h1>Per Rad<\/h1>\n<p><\/p>\n<div id=\"gtx-trans\" style=\"position: absolute; left: 80px; top: -1.0625px;\">\n<div class=\"gtx-trans-icon\"><\/div>\n<\/div>[\/et_pb_text][\/et_pb_column][\/et_pb_row][\/et_pb_section][et_pb_section fb_built=&#8220;1&#8243; custom_padding_last_edited=&#8220;on|phone&#8220; _builder_version=&#8220;4.24.2&#8243; _module_preset=&#8220;default&#8220; custom_padding=&#8220;90px||90px||true|&#8220; custom_padding_tablet=&#8220;40px||40px||true|false&#8220; custom_padding_phone=&#8220;0px||0px||true|false&#8220; da_disable_devices=&#8220;off|off|off&#8220; global_colors_info=&#8220;{}&#8220; da_is_popup=&#8220;off&#8220; da_exit_intent=&#8220;off&#8220; da_has_close=&#8220;on&#8220; da_alt_close=&#8220;off&#8220; da_dark_close=&#8220;off&#8220; da_not_modal=&#8220;on&#8220; da_is_singular=&#8220;off&#8220; da_with_loader=&#8220;off&#8220; da_has_shadow=&#8220;on&#8220;][et_pb_row column_structure=&#8220;3_5,2_5&#8243; _builder_version=&#8220;4.24.2&#8243; _module_preset=&#8220;default&#8220; global_colors_info=&#8220;{}&#8220;][et_pb_column type=&#8220;3_5&#8243; _builder_version=&#8220;4.24.2&#8243; _module_preset=&#8220;default&#8220; global_colors_info=&#8220;{}&#8220;][et_pb_text _builder_version=&#8220;4.24.2&#8243; _module_preset=&#8220;default&#8220; text_font=&#8220;||||||||&#8220; text_text_color=&#8220;#000000&#8243; text_font_size=&#8220;18px&#8220; header_font=&#8220;||||||||&#8220; header_2_font=&#8220;|600|||||||&#8220; header_2_text_color=&#8220;#6ccce2&#8243; global_colors_info=&#8220;{}&#8220;]<h2 class=\"elementor-heading-title elementor-size-default\">Radtouren durch das Ruhrgebiet \u2013 von Standardrouten bis zu ma\u00dfgeschneiderten Erlebnissen<\/h2>\n<p>Radfahren im Ruhrgebiet? Geht wunderbar! Hier erwarten euch mehrfach ausgezeichnete Routen, die das Ruhrgebiet auf einzigartige Weise erlebbar machen. Ob auf dem ersten Radschnellweg Deutschlands, dem RS1, dem RuhrtalRadweg oder der Route der Industriekultur \u2013 ihr radelt entlang beeindruckender Industriedenkm\u00e4ler wie dem UNESCO-Welterbe Zollverein in Essen. Die beliebten Entdecker-Routen \u00fcber ehemalige Bahntrassen sorgen f\u00fcr entspanntes Dahingleiten durch die Region.<\/p>\n<p>Neben unseren Standardtouren planen wir f\u00fcr euch auch ma\u00dfgeschneiderte Radtouren: von k\u00fcrzeren Touren ab 2,5 Stunden bis hin zu mehrt\u00e4gigen Radreisen, bei denen wir uns auf Wunsch auch um die \u00dcbernachtungen k\u00fcmmern. Unsere akkreditierten Guides kennen sich bestens aus und bringen mit ihren Geschichten und Anekdoten \u00fcber Essen, Duisburg, Gelsenkirchen und Dortmund das Ruhrgebiet lebendig und unterhaltsam n\u00e4her. Die einzelnen Ankerpunkte der Route der Industriekultur sind optimal per Rad vernetzt und bieten faszinierende Einblicke in die Geschichte und Kultur der Region.<\/p>\n<p>Erlebt das Ruhrgebiet auf zwei R\u00e4dern \u2013 individuell, spannend und immer wieder \u00fcberraschend!<\/p>[\/et_pb_text][\/et_pb_column][et_pb_column type=&#8220;2_5&#8243; _builder_version=&#8220;4.24.2&#8243; _module_preset=&#8220;default&#8220; global_colors_info=&#8220;{}&#8220;][\/et_pb_column][\/et_pb_row][et_pb_row _builder_version=&#8220;4.24.2&#8243; _module_preset=&#8220;default&#8220; global_colors_info=&#8220;{}&#8220;][et_pb_column type=&#8220;4_4&#8243; _builder_version=&#8220;4.24.2&#8243; _module_preset=&#8220;default&#8220; global_colors_info=&#8220;{}&#8220;][et_pb_code _builder_version=&#8220;4.24.2&#8243; _module_preset=&#8220;default&#8220; hover_enabled=&#8220;0&#8243; sticky_enabled=&#8220;0&#8243;]<!-- FareHarbor item grid of flow #1529934 --><!-- [et_pb_line_break_holder] --><script src=\"https:\/\/fareharbor.com\/embeds\/script\/items\/simply-out-tours\/?full-items=yes&#038;fallback=simple&#038;flow=1529934\"><\/script>[\/et_pb_code][\/et_pb_column][\/et_pb_row][\/et_pb_section]","protected":false},"excerpt":{"rendered":"<p>Per Rad Radtouren durch das Ruhrgebiet \u2013 von Standardrouten bis zu ma\u00dfgeschneiderten Erlebnissen Radfahren im Ruhrgebiet? Geht wunderbar! Hier erwarten euch mehrfach ausgezeichnete Routen, die das Ruhrgebiet auf einzigartige Weise erlebbar machen. Ob auf dem ersten Radschnellweg Deutschlands, dem RS1, dem RuhrtalRadweg oder der Route der Industriekultur \u2013 ihr radelt entlang beeindruckender Industriedenkm\u00e4ler wie dem [&hellip;]<\/p>\n","protected":false},"author":1,"featured_media":0,"parent":22,"menu_order":0,"comment_status":"closed","ping_status":"closed","template":"","meta":{"_et_pb_use_builder":"on","_et_pb_old_content":"<!-- wp:divi\/placeholder \/-->","_et_gb_content_width":"","om_disable_all_campaigns":false,"_monsterinsights_skip_tracking":false,"_monsterinsights_sitenote_active":false,"_monsterinsights_sitenote_note":"","_monsterinsights_sitenote_category":0,"_uf_show_specific_survey":0,"_uf_disable_surveys":false,"footnotes":""},"class_list":["post-321","page","type-page","status-publish","hentry"],"aioseo_notices":[],"_links":{"self":[{"href":"https:\/\/simply-out-tours.de\/en\/wp-json\/wp\/v2\/pages\/321","targetHints":{"allow":["GET"]}}],"collection":[{"href":"https:\/\/simply-out-tours.de\/en\/wp-json\/wp\/v2\/pages"}],"about":[{"href":"https:\/\/simply-out-tours.de\/en\/wp-json\/wp\/v2\/types\/page"}],"author":[{"embeddable":true,"href":"https:\/\/simply-out-tours.de\/en\/wp-json\/wp\/v2\/users\/1"}],"replies":[{"embeddable":true,"href":"https:\/\/simply-out-tours.de\/en\/wp-json\/wp\/v2\/comments?post=321"}],"version-history":[{"count":13,"href":"https:\/\/simply-out-tours.de\/en\/wp-json\/wp\/v2\/pages\/321\/revisions"}],"predecessor-version":[{"id":977,"href":"https:\/\/simply-out-tours.de\/en\/wp-json\/wp\/v2\/pages\/321\/revisions\/977"}],"up":[{"embeddable":true,"href":"https:\/\/simply-out-tours.de\/en\/wp-json\/wp\/v2\/pages\/22"}],"wp:attachment":[{"href":"https:\/\/simply-out-tours.de\/en\/wp-json\/wp\/v2\/media?parent=321"}],"curies":[{"name":"wp","href":"https:\/\/api.w.org\/{rel}","templated":true}]}}