{"id":34,"date":"2024-08-08T18:47:21","date_gmt":"2024-08-08T18:47:21","guid":{"rendered":"https:\/\/simply-out-tours.de\/?page_id=34"},"modified":"2026-01-03T11:25:10","modified_gmt":"2026-01-03T10:25:10","slug":"rahmenprogramme","status":"publish","type":"page","link":"https:\/\/simply-out-tours.de\/en\/ideen-fuer-unternehmen\/rahmenprogramme\/","title":{"rendered":"Framework programmes"},"content":{"rendered":"[et_pb_section fb_built=&#8220;1&#8243; admin_label=&#8220;section&#8220; _builder_version=&#8220;4.24.2&#8243; background_image=&#8220;https:\/\/simply-out-tours.de\/wp-content\/uploads\/2024\/09\/simply-out-tours-010.jpg&#8220; width=&#8220;99%&#8220; module_alignment=&#8220;center&#8220; custom_margin=&#8220;10px|10px|10px|10px|false|false&#8220; da_disable_devices=&#8220;off|off|off&#8220; border_radii=&#8220;off||100px||100px&#8220; global_colors_info=&#8220;{}&#8220; da_is_popup=&#8220;off&#8220; da_exit_intent=&#8220;off&#8220; da_has_close=&#8220;on&#8220; da_alt_close=&#8220;off&#8220; da_dark_close=&#8220;off&#8220; da_not_modal=&#8220;on&#8220; da_is_singular=&#8220;off&#8220; da_with_loader=&#8220;off&#8220; da_has_shadow=&#8220;on&#8220;][et_pb_row admin_label=&#8220;row&#8220; _builder_version=&#8220;4.16&#8243; background_size=&#8220;initial&#8220; background_position=&#8220;top_left&#8220; background_repeat=&#8220;repeat&#8220; global_colors_info=&#8220;{}&#8220;][et_pb_column type=&#8220;4_4&#8243; _builder_version=&#8220;4.16&#8243; custom_padding=&#8220;|||&#8220; global_colors_info=&#8220;{}&#8220; custom_padding__hover=&#8220;|||&#8220;][et_pb_text admin_label=&#8220;Text&#8220; _builder_version=&#8220;4.24.2&#8243; text_text_color=&#8220;#000000&#8243; text_font_size=&#8220;46px&#8220; header_text_color=&#8220;#FFFFFF&#8220; header_font_size=&#8220;43px&#8220; background_size=&#8220;initial&#8220; background_position=&#8220;top_left&#8220; background_repeat=&#8220;repeat&#8220; text_orientation=&#8220;center&#8220; global_colors_info=&#8220;{}&#8220;]<h1>Rahmenprogramme<\/h1>\n<p><\/p>[\/et_pb_text][\/et_pb_column][\/et_pb_row][\/et_pb_section][et_pb_section fb_built=&#8220;1&#8243; custom_padding_last_edited=&#8220;on|phone&#8220; _builder_version=&#8220;4.24.2&#8243; _module_preset=&#8220;default&#8220; custom_padding=&#8220;90px||90px||true|&#8220; custom_padding_tablet=&#8220;40px||40px||true|false&#8220; custom_padding_phone=&#8220;0px||0px||true|false&#8220; da_disable_devices=&#8220;off|off|off&#8220; global_colors_info=&#8220;{}&#8220; da_is_popup=&#8220;off&#8220; da_exit_intent=&#8220;off&#8220; da_has_close=&#8220;on&#8220; da_alt_close=&#8220;off&#8220; da_dark_close=&#8220;off&#8220; da_not_modal=&#8220;on&#8220; da_is_singular=&#8220;off&#8220; da_with_loader=&#8220;off&#8220; da_has_shadow=&#8220;on&#8220;][et_pb_row column_structure=&#8220;3_5,2_5&#8243; _builder_version=&#8220;4.24.2&#8243; _module_preset=&#8220;default&#8220; global_colors_info=&#8220;{}&#8220;][et_pb_column type=&#8220;3_5&#8243; _builder_version=&#8220;4.24.2&#8243; _module_preset=&#8220;default&#8220; global_colors_info=&#8220;{}&#8220;][et_pb_text _builder_version=&#8220;4.24.2&#8243; _module_preset=&#8220;default&#8220; text_font=&#8220;||||||||&#8220; text_text_color=&#8220;#000000&#8243; text_font_size=&#8220;18px&#8220; header_font=&#8220;||||||||&#8220; header_2_font=&#8220;|600|||||||&#8220; header_2_text_color=&#8220;#6ccce2&#8243; global_colors_info=&#8220;{}&#8220;]<h2 class=\"elementor-heading-title elementor-size-default\">Tsch\u00fcss Tagungsraum &#8211; Hallo Natur<\/h2>\n<p><span>Raus mit Euch in die Natur. Wie sch\u00f6n, wenn Dozenten und Dozentinnen, Tagungsh\u00e4user und Eure Seminarleitung verstehen, dass frische Luft und Tageslicht f\u00fcr Teilnehmende einer Tagung, eines Workshops oder Kongresses immens wichtig sind. Nur Raucherpausen sind da keine L\u00f6sung. Und nach der Tagung mal kurz ins Hotelzimmer, frischmachen und dann schon gleich zur Abendveranstaltung, das h\u00f6rt sich nach einem Tagungs-Marathon an. simply out tours Chefin Daniela hat das in ihrem fr\u00fcheren Berufsleben zuhauf selbst erlebt und kennt das Bed\u00fcrfnis, mal kurz eine Runde durch die Natur streifen zu k\u00f6nnen.<\/span><\/p>[\/et_pb_text][\/et_pb_column][et_pb_column type=&#8220;2_5&#8243; _builder_version=&#8220;4.24.2&#8243; _module_preset=&#8220;default&#8220; global_colors_info=&#8220;{}&#8220;][\/et_pb_column][\/et_pb_row][et_pb_row _builder_version=&#8220;4.24.2&#8243; _module_preset=&#8220;default&#8220; global_colors_info=&#8220;{}&#8220;][et_pb_column type=&#8220;4_4&#8243; _builder_version=&#8220;4.24.2&#8243; _module_preset=&#8220;default&#8220; global_colors_info=&#8220;{}&#8220;][et_pb_code _builder_version=&#8220;4.24.2&#8243; _module_preset=&#8220;default&#8220; hover_enabled=&#8220;0&#8243; sticky_enabled=&#8220;0&#8243;]<!-- FareHarbor book button for flow #1538431 --><!-- [et_pb_line_break_holder] --><a href=\"https:\/\/fareharbor.com\/embeds\/book\/simply-out-tours\/?full-items=yes&#038;flow=1538431\" onclick=\"return !(window.FH &#038;&#038; FH.open({ shortname: 'simply-out-tours', fallback: 'simple', fullItems: 'yes', flow: 1538431, view: 'items' }));\">Aktiv im Team<\/a>[\/et_pb_code][\/et_pb_column][\/et_pb_row][\/et_pb_section][et_pb_section fb_built=&#8220;1&#8243; _builder_version=&#8220;4.24.2&#8243; _module_preset=&#8220;default&#8220; background_color=&#8220;rgba(0,0,0,0.77)&#8220; background_image=&#8220;https:\/\/simply-out-tours.de\/wp-content\/uploads\/2024\/08\/Stammkunden-simply-out-Baldeneysteig-Wandern-Essen-gefuehrte-TourDSC_0022.jpg&#8220; background_blend=&#8220;multiply&#8220; custom_padding=&#8220;90px||90px||true|&#8220; da_disable_devices=&#8220;off|off|off&#8220; global_colors_info=&#8220;{}&#8220; da_is_popup=&#8220;off&#8220; da_exit_intent=&#8220;off&#8220; da_has_close=&#8220;on&#8220; da_alt_close=&#8220;off&#8220; da_dark_close=&#8220;off&#8220; da_not_modal=&#8220;on&#8220; da_is_singular=&#8220;off&#8220; da_with_loader=&#8220;off&#8220; da_has_shadow=&#8220;on&#8220;][et_pb_row _builder_version=&#8220;4.24.2&#8243; _module_preset=&#8220;default&#8220; global_colors_info=&#8220;{}&#8220;][et_pb_column type=&#8220;4_4&#8243; _builder_version=&#8220;4.24.2&#8243; _module_preset=&#8220;default&#8220; global_colors_info=&#8220;{}&#8220;][et_pb_text _builder_version=&#8220;4.24.2&#8243; _module_preset=&#8220;default&#8220; text_font=&#8220;||||||||&#8220; text_text_color=&#8220;#FFFFFF&#8220; text_font_size=&#8220;18px&#8220; header_font=&#8220;||||||||&#8220; header_2_font=&#8220;|600|||||||&#8220; header_2_text_color=&#8220;#FFFFFF&#8220; global_colors_info=&#8220;{}&#8220;]<div class=\"elementor-element elementor-element-b980a32 elementor-widget elementor-widget-heading is-mac\" data-id=\"b980a32\" data-element_type=\"widget\" data-widget_type=\"heading.default\">\n<div class=\"elementor-widget-container\">\n<h2 class=\"elementor-heading-title elementor-size-default\">Gl\u00fcck und Achtsamkeit<\/h2>\n<\/div>\n<\/div>\n<div class=\"elementor-element elementor-element-2a1b566 elementor-widget elementor-widget-text-editor is-mac\" data-id=\"2a1b566\" data-element_type=\"widget\" data-widget_type=\"text-editor.default\">\n<div class=\"elementor-widget-container\">\n<p><span>Somit gestaltet das simply out tours Team die Zeit vor, w\u00e4hrend und nach der Tagung, dem Meeting, dem Workshop oder dem Messebesuch. Vom\u00a0<\/span>Walk-Talk<span>\u00a0als \u201eKennenlernrunde\u201c bis hin zu moderierten Outdoor-Meetings. Aber auch von den klassischen Rahmenprogrammen, wie Sightseeing, haben wir einiges im Programm.<\/span><br \/><span>Auch k\u00f6nnen wir die Dozenten und Dozentinnen oder Eure Seminarleitung unterst\u00fctzen und zeigen ihnen, wo Teile der Tagung nach drau\u00dfen, in die Natur verlegt werden k\u00f6nnen.<\/span><br \/><span>Und wer mal ein Rahmenprogramm w\u00fcnscht und das Essen mit einem Hinterhof-Theater verbinden m\u00f6chte, wendet sich bitte auch an uns. Durch unsere beste Vernetzung in Essen und im Ruhrgebiet k\u00f6nnen wir Euch fast jeden Wunsch erf\u00fcllen.<\/span><br \/><span>Unsere Rundg\u00e4nge und Spazierg\u00e4nge bieten den Vorteil, die Bewegung zu kombinieren mit Ablenkung und Erkundung rund um das Hotel herum. Es kann\u00a0<\/span>Waldbaden\u00a0<span>mit Achtsamkeit, Entspannung und bewusster Atmung. Oft erg\u00e4nzen wir die Rundg\u00e4nge auch mit einer\u00a0<\/span>Sehensw\u00fcrdigkeit<span>, die unsere\u00a0<\/span>Guides<span>\u00a0kurzweilig vorstellen. Vom Sightseeing oder gesunder Bewegung am Anreisetag oder zwischen Tagungsende und dem Abendessen oder am Abreisetag als entspannten Ausklang ist vieles m\u00f6glich \u2014 zu Fu\u00df oder mit dem Rad. Bustouren bieten sich oft auch an, z.B. kann w\u00e4hrend eines Transfers vom Hotel zur Abendlocation ein Guide aus dem simply out tours Team mitfahren, um die Fahrt spa\u00dfig und auflockernd aufzupeppen. Wenn es die Zeit erlaubt, k\u00f6nnen wir den einen oder anderen Schlenker rund um eine Sehensw\u00fcrdigkeit oder eine F\u00fchrung in\/an einer\u00a0<\/span>Sehensw\u00fcrdigkeit\u00a0<span>\u00a0integrieren, bis es dann zum Abendessen geht. Ihr merkt schon, neben den\u00a0<\/span>Betriebsausfl\u00fcgen<span>\u00a0und der\u00a0<\/span>Gesundheitsf\u00f6rderung<span> bieten wir f\u00fcr alle Unternehmens-Aktivit\u00e4ten individualisierte Rahmenprogramme.<\/span><\/p>\n<p><span>Wir beraten gern!<br \/><\/span><strong>Ruft uns an<span>\u00a0<\/span><a href=\"tel:+4923433847440\">+49 234 544 97 227<\/a><\/strong><\/p>\n<\/div>\n<\/div>\n<div class=\"elementor-element elementor-element-9742881 elementor-widget elementor-widget-text-editor is-mac\" data-id=\"9742881\" data-element_type=\"widget\" data-widget_type=\"text-editor.default\">\n<div class=\"elementor-widget-container\"><\/div>\n<\/div>[\/et_pb_text][et_pb_button button_url=&#8220;\/kontakt&#8220; button_text=&#8220;Zur Anfrage&#8220; _builder_version=&#8220;4.24.2&#8243; _module_preset=&#8220;default&#8220; custom_button=&#8220;on&#8220; button_text_color=&#8220;#FFFFFF&#8220; global_colors_info=&#8220;{}&#8220;][\/et_pb_button][\/et_pb_column][\/et_pb_row][\/et_pb_section]","protected":false},"excerpt":{"rendered":"<p>Rahmenprogramme Tsch\u00fcss Tagungsraum &#8211; Hallo Natur Raus mit Euch in die Natur. Wie sch\u00f6n, wenn Dozenten und Dozentinnen, Tagungsh\u00e4user und Eure Seminarleitung verstehen, dass frische Luft und Tageslicht f\u00fcr Teilnehmende einer Tagung, eines Workshops oder Kongresses immens wichtig sind. Nur Raucherpausen sind da keine L\u00f6sung. Und nach der Tagung mal kurz ins Hotelzimmer, frischmachen und [&hellip;]<\/p>\n","protected":false},"author":1,"featured_media":0,"parent":20,"menu_order":0,"comment_status":"closed","ping_status":"closed","template":"","meta":{"_et_pb_use_builder":"on","_et_pb_old_content":"<!-- wp:divi\/placeholder \/-->","_et_gb_content_width":"","om_disable_all_campaigns":false,"_monsterinsights_skip_tracking":false,"_monsterinsights_sitenote_active":false,"_monsterinsights_sitenote_note":"","_monsterinsights_sitenote_category":0,"_uf_show_specific_survey":0,"_uf_disable_surveys":false,"footnotes":""},"class_list":["post-34","page","type-page","status-publish","hentry"],"aioseo_notices":[],"_links":{"self":[{"href":"https:\/\/simply-out-tours.de\/en\/wp-json\/wp\/v2\/pages\/34","targetHints":{"allow":["GET"]}}],"collection":[{"href":"https:\/\/simply-out-tours.de\/en\/wp-json\/wp\/v2\/pages"}],"about":[{"href":"https:\/\/simply-out-tours.de\/en\/wp-json\/wp\/v2\/types\/page"}],"author":[{"embeddable":true,"href":"https:\/\/simply-out-tours.de\/en\/wp-json\/wp\/v2\/users\/1"}],"replies":[{"embeddable":true,"href":"https:\/\/simply-out-tours.de\/en\/wp-json\/wp\/v2\/comments?post=34"}],"version-history":[{"count":10,"href":"https:\/\/simply-out-tours.de\/en\/wp-json\/wp\/v2\/pages\/34\/revisions"}],"predecessor-version":[{"id":972,"href":"https:\/\/simply-out-tours.de\/en\/wp-json\/wp\/v2\/pages\/34\/revisions\/972"}],"up":[{"embeddable":true,"href":"https:\/\/simply-out-tours.de\/en\/wp-json\/wp\/v2\/pages\/20"}],"wp:attachment":[{"href":"https:\/\/simply-out-tours.de\/en\/wp-json\/wp\/v2\/media?parent=34"}],"curies":[{"name":"wp","href":"https:\/\/api.w.org\/{rel}","templated":true}]}}