{"id":36,"date":"2024-08-08T18:47:58","date_gmt":"2024-08-08T18:47:58","guid":{"rendered":"https:\/\/simply-out-tours.de\/?page_id=36"},"modified":"2026-01-03T11:25:53","modified_gmt":"2026-01-03T10:25:53","slug":"betriebsaufluege","status":"publish","type":"page","link":"https:\/\/simply-out-tours.de\/en\/ideen-fuer-unternehmen\/betriebsaufluege\/","title":{"rendered":"Company events"},"content":{"rendered":"[et_pb_section fb_built=&#8220;1&#8243; admin_label=&#8220;section&#8220; _builder_version=&#8220;4.24.2&#8243; background_image=&#8220;https:\/\/simply-out-tours.de\/wp-content\/uploads\/2024\/09\/simply-out-tours-138.jpg&#8220; width=&#8220;99%&#8220; module_alignment=&#8220;center&#8220; custom_margin=&#8220;10px|10px|10px|10px|false|false&#8220; da_disable_devices=&#8220;off|off|off&#8220; border_radii=&#8220;off||100px||100px&#8220; global_colors_info=&#8220;{}&#8220; da_is_popup=&#8220;off&#8220; da_exit_intent=&#8220;off&#8220; da_has_close=&#8220;on&#8220; da_alt_close=&#8220;off&#8220; da_dark_close=&#8220;off&#8220; da_not_modal=&#8220;on&#8220; da_is_singular=&#8220;off&#8220; da_with_loader=&#8220;off&#8220; da_has_shadow=&#8220;on&#8220;][et_pb_row admin_label=&#8220;row&#8220; _builder_version=&#8220;4.16&#8243; background_size=&#8220;initial&#8220; background_position=&#8220;top_left&#8220; background_repeat=&#8220;repeat&#8220; global_colors_info=&#8220;{}&#8220;][et_pb_column type=&#8220;4_4&#8243; _builder_version=&#8220;4.16&#8243; custom_padding=&#8220;|||&#8220; global_colors_info=&#8220;{}&#8220; custom_padding__hover=&#8220;|||&#8220;][et_pb_text admin_label=&#8220;Text&#8220; _builder_version=&#8220;4.24.2&#8243; text_text_color=&#8220;#000000&#8243; text_font_size=&#8220;46px&#8220; header_text_color=&#8220;#FFFFFF&#8220; header_font_size=&#8220;43px&#8220; background_size=&#8220;initial&#8220; background_position=&#8220;top_left&#8220; background_repeat=&#8220;repeat&#8220; text_orientation=&#8220;center&#8220; global_colors_info=&#8220;{}&#8220;]<h1>Betriebsausfl\u00fcge<\/h1>\n<p><\/p>[\/et_pb_text][\/et_pb_column][\/et_pb_row][\/et_pb_section][et_pb_section fb_built=&#8220;1&#8243; _builder_version=&#8220;4.24.2&#8243; _module_preset=&#8220;default&#8220; custom_padding=&#8220;90px||90px||true|&#8220; da_disable_devices=&#8220;off|off|off&#8220; global_colors_info=&#8220;{}&#8220; da_is_popup=&#8220;off&#8220; da_exit_intent=&#8220;off&#8220; da_has_close=&#8220;on&#8220; da_alt_close=&#8220;off&#8220; da_dark_close=&#8220;off&#8220; da_not_modal=&#8220;on&#8220; da_is_singular=&#8220;off&#8220; da_with_loader=&#8220;off&#8220; da_has_shadow=&#8220;on&#8220;][et_pb_row column_structure=&#8220;3_5,2_5&#8243; custom_padding_last_edited=&#8220;on|phone&#8220; _builder_version=&#8220;4.24.2&#8243; _module_preset=&#8220;default&#8220; custom_padding=&#8220;6px||6px||true|&#8220; custom_padding_tablet=&#8220;40px||40px||true|false&#8220; custom_padding_phone=&#8220;0px||0px||true|false&#8220; global_colors_info=&#8220;{}&#8220;][et_pb_column type=&#8220;3_5&#8243; _builder_version=&#8220;4.24.2&#8243; _module_preset=&#8220;default&#8220; global_colors_info=&#8220;{}&#8220;][et_pb_text _builder_version=&#8220;4.24.2&#8243; _module_preset=&#8220;default&#8220; text_font=&#8220;||||||||&#8220; text_text_color=&#8220;#000000&#8243; text_font_size=&#8220;18px&#8220; header_font=&#8220;||||||||&#8220; header_2_font=&#8220;|600|||||||&#8220; header_2_text_color=&#8220;#6ccce2&#8243; global_colors_info=&#8220;{}&#8220;]<h2 class=\"elementor-heading-title elementor-size-default\"><span style=\"font-size: 26px;\">Betriebsausflug im Ruhrgebiet \u2014 weil das Naheliegende richtig spannend sein kann<\/span><\/h2>\n<div class=\"elementor-element elementor-element-3dead4b elementor-widget elementor-widget-text-editor is-mac\" data-id=\"3dead4b\" data-element_type=\"widget\" data-widget_type=\"text-editor.default\">\n<div class=\"elementor-widget-container\"><\/div>\n<\/div>\n<p data-start=\"117\" data-end=\"232\" class=\"\"><strong data-start=\"117\" data-end=\"230\">Ein Betriebsausflug, der Ihr Team begeistert und die Vielfalt Ihrer Mitarbeitenden in den Mittelpunkt stellt?<\/strong><\/p>\n<p data-start=\"234\" data-end=\"528\" class=\"\"><strong data-start=\"234\" data-end=\"291\">Herzlichen Gl\u00fcckwunsch \u2013 Sie haben Ihr Ziel erreicht!<\/strong> \ud83d\ude0a <br \/>simply out tours ist Ihr zuverl\u00e4ssiger Partner f\u00fcr ma\u00dfgeschneiderte Firmenevents. Wir nehmen uns Zeit f\u00fcr Ihr Planungsteam, h\u00f6ren genau zu, stellen die richtigen Fragen und entwickeln ein Event, das perfekt zu Ihren W\u00fcnschen passt.<\/p>\n<p data-start=\"530\" data-end=\"779\" class=\"\">Unser rund 40-k\u00f6pfiges Team aus erfahrenen Guides und Coaches ist seit 2007 im Ruhrgebiet bestens vernetzt. Dadurch konnten wir bereits eine Vielzahl unterschiedlichster Veranstaltungen f\u00fcr unsere Kund*innen realisieren. Hier ein kleiner Einblick:<\/p>[\/et_pb_text][\/et_pb_column][et_pb_column type=&#8220;2_5&#8243; _builder_version=&#8220;4.24.2&#8243; _module_preset=&#8220;default&#8220; global_colors_info=&#8220;{}&#8220;][\/et_pb_column][\/et_pb_row][et_pb_row _builder_version=&#8220;4.24.2&#8243; _module_preset=&#8220;default&#8220; global_colors_info=&#8220;{}&#8220;][et_pb_column type=&#8220;4_4&#8243; _builder_version=&#8220;4.24.2&#8243; _module_preset=&#8220;default&#8220; global_colors_info=&#8220;{}&#8220;][et_pb_code _builder_version=&#8220;4.24.2&#8243; _module_preset=&#8220;default&#8220; hover_enabled=&#8220;0&#8243; sticky_enabled=&#8220;0&#8243;]<!-- FareHarbor item grid of flow #1538431 --><!-- [et_pb_line_break_holder] --><script src=\"https:\/\/fareharbor.com\/embeds\/script\/items\/simply-out-tours\/?full-items=yes&#038;fallback=simple&#038;flow=1538431\"><\/script>[\/et_pb_code][\/et_pb_column][\/et_pb_row][\/et_pb_section]","protected":false},"excerpt":{"rendered":"<p>Betriebsausfl\u00fcge Betriebsausflug im Ruhrgebiet \u2014 weil das Naheliegende richtig spannend sein kann Ein Betriebsausflug, der Ihr Team begeistert und die Vielfalt Ihrer Mitarbeitenden in den Mittelpunkt stellt? Herzlichen Gl\u00fcckwunsch \u2013 Sie haben Ihr Ziel erreicht! \ud83d\ude0a simply out tours ist Ihr zuverl\u00e4ssiger Partner f\u00fcr ma\u00dfgeschneiderte Firmenevents. Wir nehmen uns Zeit f\u00fcr Ihr Planungsteam, h\u00f6ren genau [&hellip;]<\/p>\n","protected":false},"author":1,"featured_media":0,"parent":20,"menu_order":0,"comment_status":"closed","ping_status":"closed","template":"","meta":{"_et_pb_use_builder":"on","_et_pb_old_content":"<!-- wp:divi\/placeholder \/-->","_et_gb_content_width":"","om_disable_all_campaigns":false,"_monsterinsights_skip_tracking":false,"_monsterinsights_sitenote_active":false,"_monsterinsights_sitenote_note":"","_monsterinsights_sitenote_category":0,"_uf_show_specific_survey":0,"_uf_disable_surveys":false,"footnotes":""},"class_list":["post-36","page","type-page","status-publish","hentry"],"aioseo_notices":[],"_links":{"self":[{"href":"https:\/\/simply-out-tours.de\/en\/wp-json\/wp\/v2\/pages\/36","targetHints":{"allow":["GET"]}}],"collection":[{"href":"https:\/\/simply-out-tours.de\/en\/wp-json\/wp\/v2\/pages"}],"about":[{"href":"https:\/\/simply-out-tours.de\/en\/wp-json\/wp\/v2\/types\/page"}],"author":[{"embeddable":true,"href":"https:\/\/simply-out-tours.de\/en\/wp-json\/wp\/v2\/users\/1"}],"replies":[{"embeddable":true,"href":"https:\/\/simply-out-tours.de\/en\/wp-json\/wp\/v2\/comments?post=36"}],"version-history":[{"count":13,"href":"https:\/\/simply-out-tours.de\/en\/wp-json\/wp\/v2\/pages\/36\/revisions"}],"predecessor-version":[{"id":973,"href":"https:\/\/simply-out-tours.de\/en\/wp-json\/wp\/v2\/pages\/36\/revisions\/973"}],"up":[{"embeddable":true,"href":"https:\/\/simply-out-tours.de\/en\/wp-json\/wp\/v2\/pages\/20"}],"wp:attachment":[{"href":"https:\/\/simply-out-tours.de\/en\/wp-json\/wp\/v2\/media?parent=36"}],"curies":[{"name":"wp","href":"https:\/\/api.w.org\/{rel}","templated":true}]}}