{"id":42,"date":"2024-08-08T18:50:04","date_gmt":"2024-08-08T18:50:04","guid":{"rendered":"https:\/\/simply-out-tours.de\/?page_id=42"},"modified":"2026-01-03T11:32:59","modified_gmt":"2026-01-03T10:32:59","slug":"offene-touren","status":"publish","type":"page","link":"https:\/\/simply-out-tours.de\/en\/touren-fuer-private-gruppen\/offene-touren\/","title":{"rendered":"Open tours"},"content":{"rendered":"[et_pb_section fb_built=&#8220;1&#8243; admin_label=&#8220;section&#8220; _builder_version=&#8220;4.24.2&#8243; background_color=&#8220;rgba(0,0,0,0.46)&#8220; background_image=&#8220;https:\/\/simply-out-tours.de\/wp-content\/uploads\/2024\/09\/simply-out-tours-089.jpg&#8220; background_blend=&#8220;multiply&#8220; width=&#8220;99%&#8220; module_alignment=&#8220;center&#8220; custom_margin=&#8220;10px|10px|10px|10px|false|false&#8220; da_disable_devices=&#8220;off|off|off&#8220; border_radii=&#8220;off||100px||100px&#8220; global_colors_info=&#8220;{}&#8220; da_is_popup=&#8220;off&#8220; da_exit_intent=&#8220;off&#8220; da_has_close=&#8220;on&#8220; da_alt_close=&#8220;off&#8220; da_dark_close=&#8220;off&#8220; da_not_modal=&#8220;on&#8220; da_is_singular=&#8220;off&#8220; da_with_loader=&#8220;off&#8220; da_has_shadow=&#8220;on&#8220;][et_pb_row admin_label=&#8220;row&#8220; _builder_version=&#8220;4.16&#8243; background_size=&#8220;initial&#8220; background_position=&#8220;top_left&#8220; background_repeat=&#8220;repeat&#8220; global_colors_info=&#8220;{}&#8220;][et_pb_column type=&#8220;4_4&#8243; _builder_version=&#8220;4.16&#8243; custom_padding=&#8220;|||&#8220; global_colors_info=&#8220;{}&#8220; custom_padding__hover=&#8220;|||&#8220;][et_pb_text admin_label=&#8220;Text&#8220; _builder_version=&#8220;4.24.2&#8243; text_text_color=&#8220;#000000&#8243; text_font_size=&#8220;46px&#8220; header_text_color=&#8220;#FFFFFF&#8220; header_font_size=&#8220;43px&#8220; background_size=&#8220;initial&#8220; background_position=&#8220;top_left&#8220; background_repeat=&#8220;repeat&#8220; text_orientation=&#8220;center&#8220; custom_padding_tablet=&#8220;&#8220; custom_padding_phone=&#8220;14px||14px||true|false&#8220; custom_padding_last_edited=&#8220;on|phone&#8220; global_colors_info=&#8220;{}&#8220;]<h1>Offene Touren<\/h1>\n<p><\/p>[\/et_pb_text][\/et_pb_column][\/et_pb_row][\/et_pb_section][et_pb_section fb_built=&#8220;1&#8243; custom_padding_last_edited=&#8220;on|phone&#8220; _builder_version=&#8220;4.24.2&#8243; _module_preset=&#8220;default&#8220; custom_padding=&#8220;90px||90px||true|&#8220; custom_padding_tablet=&#8220;40px||40px||true|false&#8220; custom_padding_phone=&#8220;0px||0px||true|false&#8220; da_disable_devices=&#8220;off|off|off&#8220; global_colors_info=&#8220;{}&#8220; da_is_popup=&#8220;off&#8220; da_exit_intent=&#8220;off&#8220; da_has_close=&#8220;on&#8220; da_alt_close=&#8220;off&#8220; da_dark_close=&#8220;off&#8220; da_not_modal=&#8220;on&#8220; da_is_singular=&#8220;off&#8220; da_with_loader=&#8220;off&#8220; da_has_shadow=&#8220;on&#8220;][et_pb_row column_structure=&#8220;3_5,2_5&#8243; _builder_version=&#8220;4.24.2&#8243; _module_preset=&#8220;default&#8220; global_colors_info=&#8220;{}&#8220;][et_pb_column type=&#8220;3_5&#8243; _builder_version=&#8220;4.24.2&#8243; _module_preset=&#8220;default&#8220; global_colors_info=&#8220;{}&#8220;][et_pb_text _builder_version=&#8220;4.24.2&#8243; _module_preset=&#8220;default&#8220; text_font=&#8220;||||||||&#8220; text_text_color=&#8220;#000000&#8243; text_font_size=&#8220;18px&#8220; header_font=&#8220;||||||||&#8220; header_2_font=&#8220;|600|||||||&#8220; header_2_text_color=&#8220;#6ccce2&#8243; global_colors_info=&#8220;{}&#8220;]<h2 class=\"elementor-heading-title elementor-size-default\">Offene Touren \u2013 Entdecke das Ruhrgebiet mit Gleichgesinnten<\/h2>\n<p>In unserem Programm findest du eine Auswahl an Touren und F\u00fchrungen zu festgelegten Terminen, die wir als &#8222;offene Touren&#8220; anbieten \u2013 ideal f\u00fcr Einzelpersonen und kleine Gruppen bis zu 4 Personen. Diese Touren sind sehr beliebt, also sichere dir deinen Platz am besten mehrere Wochen im Voraus!<\/p>\n<p>Unsere offenen Touren umfassen unsere beliebtesten Top-10-Touren, die bei starker Nachfrage von mehreren Guides begleitet werden, um ein pers\u00f6nliches Erlebnis zu garantieren. Die Touren finden auf Deutsch und bei jedem Wetter statt.<\/p>\n<p>Falls ihr an einem eigenen Termin mit einer privaten Gruppe auf Tour gehen m\u00f6chtet, k\u00f6nnt ihr jederzeit eine Wunsch-Tour buchen. Auf Wunsch bleibt der Guide dann exklusiv nur f\u00fcr euch. Mehr Informationen dazu gibt es in unserer Preisliste.<\/p>\n<p>Entdecke jetzt, welche Tour und welcher Termin f\u00fcr dich und deine Entdeckungsreise ins Ruhrgebiet passt.<\/p>[\/et_pb_text][\/et_pb_column][et_pb_column type=&#8220;2_5&#8243; _builder_version=&#8220;4.24.2&#8243; _module_preset=&#8220;default&#8220; global_colors_info=&#8220;{}&#8220;][\/et_pb_column][\/et_pb_row][\/et_pb_section][et_pb_section fb_built=&#8220;1&#8243; _builder_version=&#8220;4.24.2&#8243; _module_preset=&#8220;default&#8220; da_disable_devices=&#8220;off|off|off&#8220; global_colors_info=&#8220;{}&#8220; da_is_popup=&#8220;off&#8220; da_exit_intent=&#8220;off&#8220; da_has_close=&#8220;on&#8220; da_alt_close=&#8220;off&#8220; da_dark_close=&#8220;off&#8220; da_not_modal=&#8220;on&#8220; da_is_singular=&#8220;off&#8220; da_with_loader=&#8220;off&#8220; da_has_shadow=&#8220;on&#8220;][et_pb_row _builder_version=&#8220;4.24.2&#8243; _module_preset=&#8220;default&#8220; global_colors_info=&#8220;{}&#8220;][et_pb_column type=&#8220;4_4&#8243; _builder_version=&#8220;4.24.2&#8243; _module_preset=&#8220;default&#8220; global_colors_info=&#8220;{}&#8220;][et_pb_code _builder_version=&#8220;4.24.2&#8243; _module_preset=&#8220;default&#8220; hover_enabled=&#8220;0&#8243; sticky_enabled=&#8220;0&#8243;]<!-- FareHarbor item grid of flow #1529966 --><!-- [et_pb_line_break_holder] --><script src=\"https:\/\/fareharbor.com\/embeds\/script\/items\/simply-out-tours\/?full-items=yes&#038;fallback=simple&#038;flow=1529966\"><\/script>[\/et_pb_code][\/et_pb_column][\/et_pb_row][\/et_pb_section]","protected":false},"excerpt":{"rendered":"<p>Offene Touren Offene Touren \u2013 Entdecke das Ruhrgebiet mit Gleichgesinnten In unserem Programm findest du eine Auswahl an Touren und F\u00fchrungen zu festgelegten Terminen, die wir als &#8222;offene Touren&#8220; anbieten \u2013 ideal f\u00fcr Einzelpersonen und kleine Gruppen bis zu 4 Personen. Diese Touren sind sehr beliebt, also sichere dir deinen Platz am besten mehrere Wochen [&hellip;]<\/p>\n","protected":false},"author":1,"featured_media":0,"parent":22,"menu_order":0,"comment_status":"closed","ping_status":"closed","template":"","meta":{"_et_pb_use_builder":"on","_et_pb_old_content":"<!-- wp:divi\/placeholder \/-->","_et_gb_content_width":"","om_disable_all_campaigns":false,"_monsterinsights_skip_tracking":false,"_monsterinsights_sitenote_active":false,"_monsterinsights_sitenote_note":"","_monsterinsights_sitenote_category":0,"_uf_show_specific_survey":0,"_uf_disable_surveys":false,"footnotes":""},"class_list":["post-42","page","type-page","status-publish","hentry"],"aioseo_notices":[],"_links":{"self":[{"href":"https:\/\/simply-out-tours.de\/en\/wp-json\/wp\/v2\/pages\/42","targetHints":{"allow":["GET"]}}],"collection":[{"href":"https:\/\/simply-out-tours.de\/en\/wp-json\/wp\/v2\/pages"}],"about":[{"href":"https:\/\/simply-out-tours.de\/en\/wp-json\/wp\/v2\/types\/page"}],"author":[{"embeddable":true,"href":"https:\/\/simply-out-tours.de\/en\/wp-json\/wp\/v2\/users\/1"}],"replies":[{"embeddable":true,"href":"https:\/\/simply-out-tours.de\/en\/wp-json\/wp\/v2\/comments?post=42"}],"version-history":[{"count":10,"href":"https:\/\/simply-out-tours.de\/en\/wp-json\/wp\/v2\/pages\/42\/revisions"}],"predecessor-version":[{"id":976,"href":"https:\/\/simply-out-tours.de\/en\/wp-json\/wp\/v2\/pages\/42\/revisions\/976"}],"up":[{"embeddable":true,"href":"https:\/\/simply-out-tours.de\/en\/wp-json\/wp\/v2\/pages\/22"}],"wp:attachment":[{"href":"https:\/\/simply-out-tours.de\/en\/wp-json\/wp\/v2\/media?parent=42"}],"curies":[{"name":"wp","href":"https:\/\/api.w.org\/{rel}","templated":true}]}}