{"id":46,"date":"2024-08-08T18:50:56","date_gmt":"2024-08-08T18:50:56","guid":{"rendered":"https:\/\/simply-out-tours.de\/?page_id=46"},"modified":"2026-01-03T11:54:33","modified_gmt":"2026-01-03T10:54:33","slug":"preisliste","status":"publish","type":"page","link":"https:\/\/simply-out-tours.de\/en\/touren-fuer-private-gruppen\/preisliste\/","title":{"rendered":"Preisliste"},"content":{"rendered":"<p>[et_pb_section fb_built=&#8220;1&#8243; admin_label=&#8220;section&#8220; _builder_version=&#8220;4.24.2&#8243; background_color=&#8220;rgba(0,0,0,0.46)&#8220; background_image=&#8220;https:\/\/simply-out-tours.de\/wp-content\/uploads\/2024\/09\/simply-out-tours-132.jpg&#8220; background_blend=&#8220;multiply&#8220; width=&#8220;99%&#8220; module_alignment=&#8220;center&#8220; custom_margin=&#8220;10px|10px|10px|10px|false|false&#8220; da_disable_devices=&#8220;off|off|off&#8220; border_radii=&#8220;off||100px||100px&#8220; global_colors_info=&#8220;{}&#8220; da_is_popup=&#8220;off&#8220; da_exit_intent=&#8220;off&#8220; da_has_close=&#8220;on&#8220; da_alt_close=&#8220;off&#8220; da_dark_close=&#8220;off&#8220; da_not_modal=&#8220;on&#8220; da_is_singular=&#8220;off&#8220; da_with_loader=&#8220;off&#8220; da_has_shadow=&#8220;on&#8220;][et_pb_row admin_label=&#8220;row&#8220; _builder_version=&#8220;4.16&#8243; background_size=&#8220;initial&#8220; background_position=&#8220;top_left&#8220; background_repeat=&#8220;repeat&#8220; global_colors_info=&#8220;{}&#8220;][et_pb_column type=&#8220;4_4&#8243; _builder_version=&#8220;4.16&#8243; custom_padding=&#8220;|||&#8220; global_colors_info=&#8220;{}&#8220; custom_padding__hover=&#8220;|||&#8220;][et_pb_text admin_label=&#8220;Text&#8220; _builder_version=&#8220;4.24.2&#8243; text_text_color=&#8220;#000000&#8243; text_font_size=&#8220;46px&#8220; header_text_color=&#8220;#FFFFFF&#8220; header_font_size=&#8220;43px&#8220; background_size=&#8220;initial&#8220; background_position=&#8220;top_left&#8220; background_repeat=&#8220;repeat&#8220; text_orientation=&#8220;center&#8220; global_colors_info=&#8220;{}&#8220;]<\/p>\n<h1>Preise<\/h1>\n<\/p>\n<p>[\/et_pb_text][\/et_pb_column][\/et_pb_row][\/et_pb_section][et_pb_section fb_built=&#8220;1&#8243; _builder_version=&#8220;4.24.2&#8243; _module_preset=&#8220;default&#8220; custom_padding=&#8220;90px||90px||true|&#8220; da_disable_devices=&#8220;off|off|off&#8220; global_colors_info=&#8220;{}&#8220; da_is_popup=&#8220;off&#8220; da_exit_intent=&#8220;off&#8220; da_has_close=&#8220;on&#8220; da_alt_close=&#8220;off&#8220; da_dark_close=&#8220;off&#8220; da_not_modal=&#8220;on&#8220; da_is_singular=&#8220;off&#8220; da_with_loader=&#8220;off&#8220; da_has_shadow=&#8220;on&#8220;][et_pb_row column_structure=&#8220;3_5,2_5&#8243; _builder_version=&#8220;4.24.2&#8243; _module_preset=&#8220;default&#8220; global_colors_info=&#8220;{}&#8220;][et_pb_column type=&#8220;3_5&#8243; _builder_version=&#8220;4.24.2&#8243; _module_preset=&#8220;default&#8220; global_colors_info=&#8220;{}&#8220;][et_pb_text _builder_version=&#8220;4.24.2&#8243; _module_preset=&#8220;default&#8220; text_font=&#8220;||||||||&#8220; text_text_color=&#8220;#000000&#8243; text_font_size=&#8220;18px&#8220; header_font=&#8220;||||||||&#8220; header_2_font=&#8220;|600|||||||&#8220; header_2_text_color=&#8220;#6ccce2&#8243; global_colors_info=&#8220;{}&#8220;]<\/p>\n<h2 class=\"elementor-heading-title elementor-size-default\">simply out tours agiert nachhaltig und sozial, auch wenn es um die Preise geht<\/h2>\n<p>Unser Team m\u00f6chten wir einerseits gut bezahlen, weil wir wissen, die meisten unserer Guides leben von dem, was sie f\u00fcr uns und Euch machen. Andererseits m\u00f6chten wir es auch Menschen mit kleinem Budget erm\u00f6glichen, das Ruhrgebiet kennenzulernen. Deshalb bieten wir Euch zwei M\u00f6glichkeiten:<\/p>\n<ul>\n<li>G\u00fcnstig online buchen und auf Sonderw\u00fcnsche verzichten<\/li>\n<li>Individuelles Angebot: Wir planen im engen Austausch gemeinsam euren Aufenthalt hier im Ruhrgebiet &#8211; ob Unterkunft, Einker oder weitere gew\u00fcnschte Leistungen &#8211; wir liefern alles aus einer Hand. Buche dazu am besten einen Beratungstermin. So haben wir ausreichend Zeit, alles Notwendige zu besprechen.<\/li>\n<\/ul>\n<p>[\/et_pb_text][et_pb_button button_url=&#8220;\/gesamtprogramm&#8220; button_text=&#8220;Alle Touren entdecken&#8220; _builder_version=&#8220;4.24.2&#8243; _module_preset=&#8220;default&#8220; custom_button=&#8220;on&#8220; button_text_color=&#8220;#FFFFFF&#8220; button_bg_color=&#8220;#368c18&#8243; global_colors_info=&#8220;{}&#8220;][\/et_pb_button][\/et_pb_column][et_pb_column type=&#8220;2_5&#8243; _builder_version=&#8220;4.24.2&#8243; _module_preset=&#8220;default&#8220; global_colors_info=&#8220;{}&#8220;][\/et_pb_column][\/et_pb_row][\/et_pb_section][et_pb_section fb_built=&#8220;1&#8243; _builder_version=&#8220;4.24.2&#8243; _module_preset=&#8220;default&#8220; custom_padding=&#8220;1px||90px||false|&#8220; da_disable_devices=&#8220;off|off|off&#8220; global_colors_info=&#8220;{}&#8220; da_is_popup=&#8220;off&#8220; da_exit_intent=&#8220;off&#8220; da_has_close=&#8220;on&#8220; da_alt_close=&#8220;off&#8220; da_dark_close=&#8220;off&#8220; da_not_modal=&#8220;on&#8220; da_is_singular=&#8220;off&#8220; da_with_loader=&#8220;off&#8220; da_has_shadow=&#8220;on&#8220;][et_pb_row column_structure=&#8220;1_2,1_2&#8243; _builder_version=&#8220;4.24.2&#8243; _module_preset=&#8220;default&#8220; global_colors_info=&#8220;{}&#8220;][et_pb_column type=&#8220;1_2&#8243; _builder_version=&#8220;4.24.2&#8243; _module_preset=&#8220;default&#8220; global_colors_info=&#8220;{}&#8220;][et_pb_text _builder_version=&#8220;4.24.2&#8243; _module_preset=&#8220;default&#8220; text_font=&#8220;||||||||&#8220; text_text_color=&#8220;#000000&#8243; text_font_size=&#8220;18px&#8220; header_font=&#8220;||||||||&#8220; header_2_font=&#8220;|600|||||||&#8220; header_2_text_color=&#8220;#6ccce2&#8243; global_colors_info=&#8220;{}&#8220;]<\/p>\n<h2 class=\"elementor-heading-title elementor-size-default\">Top-Touren bis zu 2 Stunden<\/h2>\n<p>Gruppen bis 8 Personen ab<span>\u00a0<\/span><strong>160,00 Euro\u00a0<\/strong>(Onlinepreis = online buchen \u2013 es werden keine Zuschl\u00e4ge f\u00e4llig.)<br \/>F\u00fcr<span>\u00a0<\/span><strong>jede weitere Stunde<\/strong><span>\u00a0<\/span>kommen nur<span>\u00a0<\/span><strong>40,00 Euro<\/strong><span>\u00a0<\/span>hinzu.<\/p>\n<p>Gruppen ab 9 Person<span>\u00a0<\/span><strong>16,00 Euro<\/strong><span>\u00a0<\/span>p.P. zus\u00e4tzlich<br \/><strong>Jede weitere Stunde nur zzgl. 4,00 Euro<\/strong><span>\u00a0<\/span>p. P.<\/p>\n<p>[\/et_pb_text][\/et_pb_column][et_pb_column type=&#8220;1_2&#8243; _builder_version=&#8220;4.24.2&#8243; _module_preset=&#8220;default&#8220; global_colors_info=&#8220;{}&#8220;][et_pb_text _builder_version=&#8220;4.24.2&#8243; _module_preset=&#8220;default&#8220; text_font=&#8220;||||||||&#8220; text_text_color=&#8220;#000000&#8243; text_font_size=&#8220;18px&#8220; header_font=&#8220;||||||||&#8220; header_2_font=&#8220;|600|||||||&#8220; header_2_text_color=&#8220;#6ccce2&#8243; hover_enabled=&#8220;0&#8243; global_colors_info=&#8220;{}&#8220; sticky_enabled=&#8220;0&#8243;]<\/p>\n<h2>&#8222;Wat krisse daf\u00fcr&#8220;?:<\/h2>\n<p>Die Top-10-Touren sind ONLINE buchbar, alle Infostopps und ausgeschriebenen F\u00fchrungen inkl., ein*e TOP-ausgebildete*r hauptberufliche*r G\u00e4stef\u00fchrer*in, schriftliche Best\u00e4tigung, Schlechtwetter-Alternative!<\/p>\n<p>[\/et_pb_text][\/et_pb_column][\/et_pb_row][et_pb_row _builder_version=&#8220;4.24.2&#8243; _module_preset=&#8220;default&#8220; global_colors_info=&#8220;{}&#8220;][et_pb_column type=&#8220;4_4&#8243; _builder_version=&#8220;4.24.2&#8243; _module_preset=&#8220;default&#8220; global_colors_info=&#8220;{}&#8220;][et_pb_button button_url=&#8220;https:\/\/fareharbor.com\/embeds\/book\/simply-out-tours\/?full-items=yes&#038;flow=1532903&#8243; url_new_window=&#8220;on&#8220; button_text=&#8220;Zeig mir mehr!&#8220; button_alignment=&#8220;center&#8220; _builder_version=&#8220;4.24.2&#8243; _module_preset=&#8220;default&#8220; custom_button=&#8220;on&#8220; button_text_color=&#8220;#FFFFFF&#8220; button_bg_color=&#8220;#368c18&#8243; global_colors_info=&#8220;{}&#8220;][\/et_pb_button][\/et_pb_column][\/et_pb_row][\/et_pb_section][et_pb_section fb_built=&#8220;1&#8243; _builder_version=&#8220;4.24.2&#8243; _module_preset=&#8220;default&#8220; background_color=&#8220;rgba(0,0,0,0.74)&#8220; background_image=&#8220;https:\/\/simply-out-tours.de\/wp-content\/uploads\/2024\/08\/betriebliche.png&#8220; background_blend=&#8220;multiply&#8220; custom_padding=&#8220;200px||200px||true|false&#8220; da_disable_devices=&#8220;off|off|off&#8220; global_colors_info=&#8220;{}&#8220; da_is_popup=&#8220;off&#8220; da_exit_intent=&#8220;off&#8220; da_has_close=&#8220;on&#8220; da_alt_close=&#8220;off&#8220; da_dark_close=&#8220;off&#8220; da_not_modal=&#8220;on&#8220; da_is_singular=&#8220;off&#8220; da_with_loader=&#8220;off&#8220; da_has_shadow=&#8220;on&#8220;][et_pb_row column_structure=&#8220;1_3,1_3,1_3&#8243; _builder_version=&#8220;4.24.2&#8243; _module_preset=&#8220;default&#8220; global_colors_info=&#8220;{}&#8220;][et_pb_column type=&#8220;1_3&#8243; _builder_version=&#8220;4.24.2&#8243; _module_preset=&#8220;default&#8220; global_colors_info=&#8220;{}&#8220;][et_pb_text _builder_version=&#8220;4.24.2&#8243; _module_preset=&#8220;default&#8220; text_text_color=&#8220;#FFFFFF&#8220; text_font_size=&#8220;17px&#8220; header_2_font_size=&#8220;36px&#8220; header_3_font=&#8220;|600|||||||&#8220; header_3_text_color=&#8220;#FFFFFF&#8220; header_3_font_size=&#8220;28px&#8220; hover_enabled=&#8220;0&#8243; global_colors_info=&#8220;{}&#8220; sticky_enabled=&#8220;0&#8243;]<\/p>\n<div class=\"elementor-element elementor-element-80df2d2 elementor-widget elementor-widget-heading is-mac\" data-id=\"80df2d2\" data-element_type=\"widget\" data-widget_type=\"heading.default\">\n<div class=\"elementor-widget-container\">\n<h3 class=\"elementor-heading-title elementor-size-default\">Touren zum Wunschtermin<\/h3>\n<\/div>\n<\/div>\n<div class=\"elementor-element elementor-element-35d12f0 elementor-widget elementor-widget-text-editor is-mac\" data-id=\"35d12f0\" data-element_type=\"widget\" data-widget_type=\"text-editor.default\">\n<div class=\"elementor-widget-container\">\n<p>Ab 16 Euro p.P. f\u00fcr bis zu zwei Stunden buchbar.\u00a0 Lasst Euch von unseren Top-10-Touren inspirieren. Mind. 8 Personen sind Voraussetzung daf\u00fcr, Euren Wunschtermin aufzunehmen. Die Tour wird wie auf der Website zu sehen durchgef\u00fchrt. Andere Teilnehmende sto\u00dfen ggf. noch dazu. Treffpunkt und Ablauf bleiben unver\u00e4ndert. Sonderw\u00fcnsche sind erst bei den<span>\u00a0<\/span><a href=\"https:\/\/fareharbor.com\/embeds\/book\/simply-out-tours\/?full-items=yes&amp;flow=1538617\" target=\"_blank\" rel=\"noopener\">\u201eTraum-Touren\u201c<\/a><span>\u00a0<\/span>m\u00f6glich. Bucht direkt online, das ist f\u00fcr Euch der g\u00fcnstigste Weg.<\/p>\n<\/div>\n<\/div>\n<p>[\/et_pb_text][\/et_pb_column][et_pb_column type=&#8220;1_3&#8243; _builder_version=&#8220;4.24.2&#8243; _module_preset=&#8220;default&#8220; global_colors_info=&#8220;{}&#8220;][et_pb_text _builder_version=&#8220;4.24.2&#8243; _module_preset=&#8220;default&#8220; text_text_color=&#8220;#FFFFFF&#8220; text_font_size=&#8220;17px&#8220; header_2_font_size=&#8220;36px&#8220; header_3_font=&#8220;|600|||||||&#8220; header_3_text_color=&#8220;#FFFFFF&#8220; header_3_font_size=&#8220;28px&#8220; global_colors_info=&#8220;{}&#8220;]<\/p>\n<div class=\"elementor-element elementor-element-80df2d2 elementor-widget elementor-widget-heading is-mac\" data-id=\"80df2d2\" data-element_type=\"widget\" data-widget_type=\"heading.default\">\n<div class=\"elementor-widget-container\">\n<div class=\"elementor-element elementor-element-d3f3ba6 elementor-widget elementor-widget-heading is-mac\" data-id=\"d3f3ba6\" data-element_type=\"widget\" data-widget_type=\"heading.default\">\n<div class=\"elementor-widget-container\">\n<h3 class=\"elementor-heading-title elementor-size-default\">Traum-Touren<\/h3>\n<\/div>\n<\/div>\n<div class=\"elementor-element elementor-element-e3f2c63 elementor-widget elementor-widget-text-editor is-mac\" data-id=\"e3f2c63\" data-element_type=\"widget\" data-widget_type=\"text-editor.default\">\n<div class=\"elementor-widget-container\">\n<p>Her mit Deinen W\u00fcnschen. Du h\u00e4ttest gerne vorab schonmal eine Hausnummer? Meist starten sie 299 Euro, denn bei den individuell geplanten Traum-Touren, kommen keine anderen Menschen mehr dazu und wir richten uns ganz nach Deinen\/Euren W\u00fcnschen und beraten gerne. Der Preis ist ein wenig abh\u00e4ngig von der Abweichung zu\u00a0 unseren \u00fcblichen Touren, vom Termin und der Uhrzeit \u2013 probiert\u2019s aus. Wir finden immer eine L\u00f6sung. Buche gerne einen kostenlosen Beratungstermin.<\/p>\n<\/div>\n<\/div>\n<\/div>\n<\/div>\n<p>[\/et_pb_text][\/et_pb_column][et_pb_column type=&#8220;1_3&#8243; _builder_version=&#8220;4.24.2&#8243; _module_preset=&#8220;default&#8220; global_colors_info=&#8220;{}&#8220;][et_pb_text _builder_version=&#8220;4.24.2&#8243; _module_preset=&#8220;default&#8220; text_text_color=&#8220;#FFFFFF&#8220; text_font_size=&#8220;17px&#8220; header_2_font_size=&#8220;36px&#8220; header_3_font=&#8220;|600|||||||&#8220; header_3_text_color=&#8220;#FFFFFF&#8220; header_3_font_size=&#8220;28px&#8220; hover_enabled=&#8220;0&#8243; global_colors_info=&#8220;{}&#8220; sticky_enabled=&#8220;0&#8243;]<\/p>\n<div class=\"elementor-element elementor-element-80df2d2 elementor-widget elementor-widget-heading is-mac\" data-id=\"80df2d2\" data-element_type=\"widget\" data-widget_type=\"heading.default\">\n<div class=\"elementor-widget-container\">\n<div class=\"elementor-element elementor-element-d3f3ba6 elementor-widget elementor-widget-heading is-mac\" data-id=\"d3f3ba6\" data-element_type=\"widget\" data-widget_type=\"heading.default\">\n<div class=\"elementor-widget-container\">\n<div class=\"elementor-element elementor-element-1dfa20f elementor-widget elementor-widget-heading is-mac\" data-id=\"1dfa20f\" data-element_type=\"widget\" data-widget_type=\"heading.default\">\n<div class=\"elementor-widget-container\">\n<h3 class=\"elementor-heading-title elementor-size-default\">F\u00fcr Unternehmen<\/h3>\n<\/div>\n<\/div>\n<div class=\"elementor-element elementor-element-6d92c79 elementor-widget elementor-widget-text-editor is-mac\" data-id=\"6d92c79\" data-element_type=\"widget\" data-widget_type=\"text-editor.default\">\n<div class=\"elementor-widget-container\">\n<p>Ab 15 Euro p.P. ist schon vieles m\u00f6glich und gerne zeigen wir euch auf, was genau. Wir planen gemeinsam mit euch eine kleine Gruppenaktivit\u00e4t, ein Teamevent oder ein Rahmenprogramm und das bis 500 Personen.<br \/>Gruppen bis zu 60 Personen k\u00f6nnen sich von unseren<span>\u00a0<\/span><a href=\"https:\/\/fareharbor.com\/embeds\/book\/simply-out-tours\/?full-items=yes&amp;flow=1538610\" target=\"_blank\" rel=\"noopener\">Top-Touren<\/a><span>\u00a0<\/span>inspirieren lassen und sofort online buchen.<br \/>Gruppen mit besonderen W\u00fcnschen oder &gt; 60 Personen:<br \/>Bucht einen Beratungstermin oder ruft an unter:<br \/><a href=\"tel:+4923454497227\">+49 234 544 97 227<\/a><\/p>\n<\/div>\n<\/div>\n<\/div>\n<\/div>\n<div class=\"elementor-element elementor-element-e3f2c63 elementor-widget elementor-widget-text-editor is-mac\" data-id=\"e3f2c63\" data-element_type=\"widget\" data-widget_type=\"text-editor.default\">\n<div class=\"elementor-widget-container\"><\/div>\n<\/div>\n<\/div>\n<\/div>\n<p>[\/et_pb_text][\/et_pb_column][\/et_pb_row][\/et_pb_section]<\/p>\n","protected":false},"excerpt":{"rendered":"<p>Preise simply out tours agiert nachhaltig und sozial, auch wenn es um die Preise geht Unser Team m\u00f6chten wir einerseits gut bezahlen, weil wir wissen, die meisten unserer Guides leben von dem, was sie f\u00fcr uns und Euch machen. Andererseits m\u00f6chten wir es auch Menschen mit kleinem Budget erm\u00f6glichen, das Ruhrgebiet kennenzulernen. Deshalb bieten wir [&hellip;]<\/p>\n","protected":false},"author":1,"featured_media":0,"parent":22,"menu_order":0,"comment_status":"closed","ping_status":"closed","template":"","meta":{"_et_pb_use_builder":"on","_et_pb_old_content":"<!-- wp:divi\/placeholder \/-->","_et_gb_content_width":"","om_disable_all_campaigns":false,"_monsterinsights_skip_tracking":false,"_monsterinsights_sitenote_active":false,"_monsterinsights_sitenote_note":"","_monsterinsights_sitenote_category":0,"_uf_show_specific_survey":0,"_uf_disable_surveys":false,"footnotes":""},"class_list":["post-46","page","type-page","status-publish","hentry"],"aioseo_notices":[],"_links":{"self":[{"href":"https:\/\/simply-out-tours.de\/en\/wp-json\/wp\/v2\/pages\/46","targetHints":{"allow":["GET"]}}],"collection":[{"href":"https:\/\/simply-out-tours.de\/en\/wp-json\/wp\/v2\/pages"}],"about":[{"href":"https:\/\/simply-out-tours.de\/en\/wp-json\/wp\/v2\/types\/page"}],"author":[{"embeddable":true,"href":"https:\/\/simply-out-tours.de\/en\/wp-json\/wp\/v2\/users\/1"}],"replies":[{"embeddable":true,"href":"https:\/\/simply-out-tours.de\/en\/wp-json\/wp\/v2\/comments?post=46"}],"version-history":[{"count":10,"href":"https:\/\/simply-out-tours.de\/en\/wp-json\/wp\/v2\/pages\/46\/revisions"}],"predecessor-version":[{"id":983,"href":"https:\/\/simply-out-tours.de\/en\/wp-json\/wp\/v2\/pages\/46\/revisions\/983"}],"up":[{"embeddable":true,"href":"https:\/\/simply-out-tours.de\/en\/wp-json\/wp\/v2\/pages\/22"}],"wp:attachment":[{"href":"https:\/\/simply-out-tours.de\/en\/wp-json\/wp\/v2\/media?parent=46"}],"curies":[{"name":"wp","href":"https:\/\/api.w.org\/{rel}","templated":true}]}}