{"id":667,"date":"2025-04-17T19:57:30","date_gmt":"2025-04-17T18:57:30","guid":{"rendered":"https:\/\/simply-out-tours.de\/?page_id=667"},"modified":"2025-04-17T19:57:30","modified_gmt":"2025-04-17T18:57:30","slug":"jobs","status":"publish","type":"page","link":"https:\/\/simply-out-tours.de\/en\/jobs\/","title":{"rendered":"Jobs"},"content":{"rendered":"\n[et_pb_section fb_built=&#8220;1&#8243; admin_label=&#8220;section&#8220; _builder_version=&#8220;4.24.2&#8243; background_image=&#8220;https:\/\/simply-out-tours.de\/wp-content\/uploads\/2025\/03\/IMG_2705.jpeg&#8220; width=&#8220;99%&#8220; module_alignment=&#8220;center&#8220; custom_margin=&#8220;10px|10px|10px|10px|false|false&#8220; hover_enabled=&#8220;0&#8243; da_disable_devices=&#8220;off|off|off&#8220; border_radii=&#8220;off||100px||100px&#8220; global_colors_info=&#8220;{}&#8220; theme_builder_area=&#8220;post_content&#8220; title_text=&#8220;IMG_2705&#8243; sticky_enabled=&#8220;0&#8243; da_is_popup=&#8220;off&#8220; da_exit_intent=&#8220;off&#8220; da_has_close=&#8220;on&#8220; da_alt_close=&#8220;off&#8220; da_dark_close=&#8220;off&#8220; da_not_modal=&#8220;on&#8220; da_is_singular=&#8220;off&#8220; da_with_loader=&#8220;off&#8220; da_has_shadow=&#8220;on&#8220;][et_pb_row admin_label=&#8220;row&#8220; _builder_version=&#8220;4.16&#8243; background_size=&#8220;initial&#8220; background_position=&#8220;top_left&#8220; background_repeat=&#8220;repeat&#8220; global_colors_info=&#8220;{}&#8220; theme_builder_area=&#8220;post_content&#8220;][et_pb_column type=&#8220;4_4&#8243; _builder_version=&#8220;4.16&#8243; custom_padding=&#8220;|||&#8220; global_colors_info=&#8220;{}&#8220; custom_padding__hover=&#8220;|||&#8220; theme_builder_area=&#8220;post_content&#8220;][et_pb_text admin_label=&#8220;Text&#8220; _builder_version=&#8220;4.24.2&#8243; text_text_color=&#8220;#000000&#8243; text_font_size=&#8220;46px&#8220; header_text_color=&#8220;#FFFFFF&#8220; header_font_size=&#8220;43px&#8220; background_size=&#8220;initial&#8220; background_position=&#8220;top_left&#8220; background_repeat=&#8220;repeat&#8220; text_orientation=&#8220;center&#8220; hover_enabled=&#8220;0&#8243; global_colors_info=&#8220;{}&#8220; theme_builder_area=&#8220;post_content&#8220; sticky_enabled=&#8220;0&#8243;]<h1>Tourguide by simply out tours<\/h1>\n<p><\/p>[\/et_pb_text][\/et_pb_column][\/et_pb_row][\/et_pb_section][et_pb_section fb_built=&#8220;1&#8243; custom_padding_last_edited=&#8220;on|phone&#8220; _builder_version=&#8220;4.24.2&#8243; _module_preset=&#8220;default&#8220; custom_padding=&#8220;60px||60px||true|&#8220; custom_padding_tablet=&#8220;40px||40px||true|false&#8220; custom_padding_phone=&#8220;0px||0px||true|false&#8220; da_disable_devices=&#8220;off|off|off&#8220; global_colors_info=&#8220;{}&#8220; theme_builder_area=&#8220;post_content&#8220; da_is_popup=&#8220;off&#8220; da_exit_intent=&#8220;off&#8220; da_has_close=&#8220;on&#8220; da_alt_close=&#8220;off&#8220; da_dark_close=&#8220;off&#8220; da_not_modal=&#8220;on&#8220; da_is_singular=&#8220;off&#8220; da_with_loader=&#8220;off&#8220; da_has_shadow=&#8220;on&#8220;][et_pb_row column_structure=&#8220;2_3,1_3&#8243; _builder_version=&#8220;4.24.2&#8243; _module_preset=&#8220;default&#8220; global_colors_info=&#8220;{}&#8220; theme_builder_area=&#8220;post_content&#8220;][et_pb_column type=&#8220;2_3&#8243; _builder_version=&#8220;4.24.2&#8243; _module_preset=&#8220;default&#8220; global_colors_info=&#8220;{}&#8220; theme_builder_area=&#8220;post_content&#8220;][et_pb_text _builder_version=&#8220;4.24.2&#8243; _module_preset=&#8220;default&#8220; text_font=&#8220;||||||||&#8220; text_text_color=&#8220;#000000&#8243; text_font_size=&#8220;18px&#8220; header_font=&#8220;||||||||&#8220; header_2_font=&#8220;|600|||||||&#8220; header_2_text_color=&#8220;#6ccce2&#8243; global_colors_info=&#8220;{}&#8220; theme_builder_area=&#8220;post_content&#8220;]<h2 class=\"elementor-heading-title elementor-size-default\">FREIBERUFLICHE TOURGUIDES (M\/W\/D)<\/h2>\n<p><span>Wir m\u00f6chten dich als Tourguide zur Verst\u00e4rkung unseres Teams! <\/span><\/p>\n<p><span>Du bist ruhrgebietsbegeistert, interessierst dich ein wenig f\u00fcr die Historie der Region, ohne diese staubig zu empfinden, und bist gerne bspw. auf dem Rad aktiv?<br \/>Super!\u00a0<\/span><\/p>\n<p>Simply out tours ist die Agentur, wenn es um aktives Sightseeing im Ruhrgebiet geht.<br \/>Unsere G\u00e4ste sch\u00e4tzen die professionelle aber trotzdem lockere Art, vor allem von unseren Tourguides.\u00a0<br \/>Da wir unser Angebot erweitern m\u00f6chten, suchen weitere freiberufliche Guides, die Touren auch auf <span><strong>Englisch, Niederl\u00e4ndisch, Franz\u00f6sisch oder T\u00fcrkisch\/Arabisch\/Persisch<\/strong><\/span><span> durchf\u00fchren k\u00f6nnen.<\/span><\/p>\n<p><span><strong>Was wir bieten:<\/strong><\/span><span> <br \/>\u2022 Flexible Einsatzzeiten <br \/>\u2022 Spannende Touren an besonderen Orten <br \/>\u2022 Eine angenehme Arbeitsatmosph\u00e4re in einem engagierten Team <br \/>\u2022 Faire Verg\u00fctung auf Honorarbasis<br \/>\u2022 Umfangreiche Einarbeitung mit der M\u00f6glichkeit, bei allen Aktivit\u00e4ten zu hospitieren<br \/><\/span><\/p>\n<p><span><strong>Was bringst du mit:<\/strong><\/span><span> <br \/><\/span><span>\u2022\u00a0Begeisterung f\u00fcr die Region und deren Geschichte <br \/><\/span><span>\u2022 Sprachkenntnisse in einer oder mehreren der genannten Sprachen <br \/><\/span><span>\u2022 Erfahrungen im Tourismus oder \u00e4hnlichen Bereichen (von Vorteil, aber kein muss)<br \/>\u2022 Kommunikationsst\u00e4rke und Freude am Umgang mit Menschen <br \/>\u2022 Zuverl\u00e4ssigkeit und selbstst\u00e4ndiges Arbeiten<\/span>\u00a0<\/p>\n<p><strong>So bewirbst du dich:<\/strong> <br \/>Sende uns eine kurze Vorstellung von dir per E-Mail an <span style=\"color: #6dcce2;\"><strong>info@simply-out-tours.de<\/strong><\/span> oder schreibe uns eine kurze WhatsApp an <strong><span style=\"color: #6dcce2;\">0234\/ 33847440<\/span><\/strong> <br \/><br \/>Wir freuen uns darauf, dich kennenzulernen!\u00a0<\/p>[\/et_pb_text][et_pb_button button_url=&#8220;\/tourkalender\/&#8220; button_text=&#8220;Zu unserem Programm&#8220; _builder_version=&#8220;4.24.2&#8243; _module_preset=&#8220;default&#8220; custom_button=&#8220;on&#8220; button_text_color=&#8220;#FFFFFF&#8220; button_bg_color=&#8220;#00845f&#8220; global_colors_info=&#8220;{}&#8220; theme_builder_area=&#8220;post_content&#8220;][\/et_pb_button][\/et_pb_column][et_pb_column type=&#8220;1_3&#8243; _builder_version=&#8220;4.24.2&#8243; _module_preset=&#8220;default&#8220; global_colors_info=&#8220;{}&#8220; theme_builder_area=&#8220;post_content&#8220;][\/et_pb_column][\/et_pb_row][\/et_pb_section][et_pb_section fb_built=&#8220;1&#8243; _builder_version=&#8220;4.24.2&#8243; _module_preset=&#8220;default&#8220; background_image=&#8220;https:\/\/simply-out-tours.de\/wp-content\/uploads\/2024\/08\/betriebliche.png&#8220; custom_padding=&#8220;200px||200px||true|false&#8220; da_disable_devices=&#8220;off|off|off&#8220; global_colors_info=&#8220;{}&#8220; theme_builder_area=&#8220;post_content&#8220; da_is_popup=&#8220;off&#8220; da_exit_intent=&#8220;off&#8220; da_has_close=&#8220;on&#8220; da_alt_close=&#8220;off&#8220; da_dark_close=&#8220;off&#8220; da_not_modal=&#8220;on&#8220; da_is_singular=&#8220;off&#8220; da_with_loader=&#8220;off&#8220; da_has_shadow=&#8220;on&#8220;][\/et_pb_section]\n","protected":false},"excerpt":{"rendered":"<p>Tourguide by simply out tours FREIBERUFLICHE TOURGUIDES (M\/W\/D) Wir m\u00f6chten dich als Tourguide zur Verst\u00e4rkung unseres Teams! Du bist ruhrgebietsbegeistert, interessierst dich ein wenig f\u00fcr die Historie der Region, ohne diese staubig zu empfinden, und bist gerne bspw. auf dem Rad aktiv?Super!\u00a0 Simply out tours ist die Agentur, wenn es um aktives Sightseeing im Ruhrgebiet [&hellip;]<\/p>\n","protected":false},"author":2,"featured_media":0,"parent":0,"menu_order":0,"comment_status":"closed","ping_status":"closed","template":"","meta":{"_et_pb_use_builder":"on","_et_pb_old_content":"","_et_gb_content_width":"","om_disable_all_campaigns":false,"_monsterinsights_skip_tracking":false,"_monsterinsights_sitenote_active":false,"_monsterinsights_sitenote_note":"","_monsterinsights_sitenote_category":0,"_uf_show_specific_survey":0,"_uf_disable_surveys":false,"footnotes":""},"class_list":["post-667","page","type-page","status-publish","hentry"],"aioseo_notices":[],"_links":{"self":[{"href":"https:\/\/simply-out-tours.de\/en\/wp-json\/wp\/v2\/pages\/667","targetHints":{"allow":["GET"]}}],"collection":[{"href":"https:\/\/simply-out-tours.de\/en\/wp-json\/wp\/v2\/pages"}],"about":[{"href":"https:\/\/simply-out-tours.de\/en\/wp-json\/wp\/v2\/types\/page"}],"author":[{"embeddable":true,"href":"https:\/\/simply-out-tours.de\/en\/wp-json\/wp\/v2\/users\/2"}],"replies":[{"embeddable":true,"href":"https:\/\/simply-out-tours.de\/en\/wp-json\/wp\/v2\/comments?post=667"}],"version-history":[{"count":5,"href":"https:\/\/simply-out-tours.de\/en\/wp-json\/wp\/v2\/pages\/667\/revisions"}],"predecessor-version":[{"id":679,"href":"https:\/\/simply-out-tours.de\/en\/wp-json\/wp\/v2\/pages\/667\/revisions\/679"}],"wp:attachment":[{"href":"https:\/\/simply-out-tours.de\/en\/wp-json\/wp\/v2\/media?parent=667"}],"curies":[{"name":"wp","href":"https:\/\/api.w.org\/{rel}","templated":true}]}}