{"id":713,"date":"2025-04-17T20:04:39","date_gmt":"2025-04-17T19:04:39","guid":{"rendered":"https:\/\/simply-out-tours.de\/?page_id=713"},"modified":"2026-03-02T11:29:36","modified_gmt":"2026-03-02T10:29:36","slug":"radtour-zollverein","status":"publish","type":"page","link":"https:\/\/simply-out-tours.de\/en\/radtour-zollverein\/","title":{"rendered":"Radtour Zollverein"},"content":{"rendered":"\n[et_pb_section fb_built=&#8220;1&#8243; admin_label=&#8220;section&#8220; _builder_version=&#8220;4.24.2&#8243; background_color=&#8220;rgba(0,0,0,0.46)&#8220; background_image=&#8220;https:\/\/simply-out-tours.de\/wp-content\/uploads\/2024\/09\/simply-out-tours-023.jpg&#8220; background_blend=&#8220;multiply&#8220; width=&#8220;99%&#8220; module_alignment=&#8220;center&#8220; custom_margin=&#8220;10px|10px|10px|10px|false|false&#8220; da_disable_devices=&#8220;off|off|off&#8220; border_radii=&#8220;off||100px||100px&#8220; global_colors_info=&#8220;{}&#8220; da_is_popup=&#8220;off&#8220; da_exit_intent=&#8220;off&#8220; da_has_close=&#8220;on&#8220; da_alt_close=&#8220;off&#8220; da_dark_close=&#8220;off&#8220; da_not_modal=&#8220;on&#8220; da_is_singular=&#8220;off&#8220; da_with_loader=&#8220;off&#8220; da_has_shadow=&#8220;on&#8220;][et_pb_row admin_label=&#8220;row&#8220; _builder_version=&#8220;4.24.2&#8243; background_size=&#8220;initial&#8220; background_position=&#8220;top_left&#8220; background_repeat=&#8220;repeat&#8220; global_colors_info=&#8220;{}&#8220;][et_pb_column type=&#8220;4_4&#8243; _builder_version=&#8220;4.16&#8243; custom_padding=&#8220;|||&#8220; global_colors_info=&#8220;{}&#8220; custom_padding__hover=&#8220;|||&#8220;][et_pb_text admin_label=&#8220;Text&#8220; _builder_version=&#8220;4.24.2&#8243; text_text_color=&#8220;#000000&#8243; text_font_size=&#8220;46px&#8220; header_text_color=&#8220;#FFFFFF&#8220; header_font_size=&#8220;43px&#8220; background_size=&#8220;initial&#8220; background_position=&#8220;top_left&#8220; background_repeat=&#8220;repeat&#8220; text_orientation=&#8220;center&#8220; custom_padding_tablet=&#8220;&#8220; custom_padding_phone=&#8220;14px||14px||true|false&#8220; custom_padding_last_edited=&#8220;on|phone&#8220; global_colors_info=&#8220;{}&#8220;]<h1>Radtour Zollverein<\/h1>\n<p>&nbsp;<\/p>\n<div id=\"gtx-trans\" style=\"position: absolute; left: 70px; top: 64.4375px;\">\n<div class=\"gtx-trans-icon\"><\/div>\n<\/div>[\/et_pb_text][\/et_pb_column][\/et_pb_row][\/et_pb_section][et_pb_section fb_built=&#8220;1&#8243; custom_padding_last_edited=&#8220;on|phone&#8220; _builder_version=&#8220;4.24.2&#8243; _module_preset=&#8220;default&#8220; custom_padding=&#8220;90px||90px||true|&#8220; custom_padding_tablet=&#8220;40px||40px||true|false&#8220; custom_padding_phone=&#8220;0px||0px||true|false&#8220; da_disable_devices=&#8220;off|off|off&#8220; global_colors_info=&#8220;{}&#8220; da_is_popup=&#8220;off&#8220; da_exit_intent=&#8220;off&#8220; da_has_close=&#8220;on&#8220; da_alt_close=&#8220;off&#8220; da_dark_close=&#8220;off&#8220; da_not_modal=&#8220;on&#8220; da_is_singular=&#8220;off&#8220; da_with_loader=&#8220;off&#8220; da_has_shadow=&#8220;on&#8220;][et_pb_row column_structure=&#8220;3_5,2_5&#8243; _builder_version=&#8220;4.24.2&#8243; _module_preset=&#8220;default&#8220; global_colors_info=&#8220;{}&#8220;][et_pb_column type=&#8220;3_5&#8243; _builder_version=&#8220;4.24.2&#8243; _module_preset=&#8220;default&#8220; global_colors_info=&#8220;{}&#8220;][et_pb_text _builder_version=&#8220;4.24.2&#8243; _module_preset=&#8220;default&#8220; text_font=&#8220;||||||||&#8220; text_text_color=&#8220;#000000&#8243; text_font_size=&#8220;18px&#8220; header_font=&#8220;||||||||&#8220; header_2_font=&#8220;|600|||||||&#8220; header_2_text_color=&#8220;#6ccce2&#8243; global_colors_info=&#8220;{}&#8220;]<h2 class=\"elementor-heading-title elementor-size-default\">Radtour Zollverein \u2013 Industriekultur auf zwei R\u00e4dern erleben<\/h2>\n<p data-start=\"201\" data-end=\"265\" class=\"\"><\/p>\n<p data-start=\"267\" data-end=\"554\" class=\"\">Die Radtour zur Zeche Zollverein geh\u00f6rt zu den eindrucksvollsten Strecken im Ruhrgebiet. Kein Wunder: Das UNESCO-Welterbe in Essen ist nicht nur architektonisch ein Highlight, sondern auch der perfekte Ausgangspunkt oder Zwischenstopp f\u00fcr eine abwechslungsreiche Tour durch das Revier.<\/p>\n<p data-start=\"556\" data-end=\"784\" class=\"\">Ob du in Essen startest oder aus St\u00e4dten wie Bochum, Gelsenkirchen oder M\u00fclheim anradelst \u2013 die Wege zur Zollverein f\u00fchren dich \u00fcber ehemalige Bahntrassen, gut ausgebaute Radwege und durch \u00fcberraschend gr\u00fcne Stadtlandschaften.<\/p>[\/et_pb_text][\/et_pb_column][et_pb_column type=&#8220;2_5&#8243; _builder_version=&#8220;4.24.2&#8243; _module_preset=&#8220;default&#8220; global_colors_info=&#8220;{}&#8220;][\/et_pb_column][\/et_pb_row][\/et_pb_section][et_pb_section fb_built=&#8220;1&#8243; custom_padding_last_edited=&#8220;on|phone&#8220; _builder_version=&#8220;4.24.2&#8243; _module_preset=&#8220;default&#8220; custom_padding=&#8220;0px||0px||true|&#8220; custom_padding_tablet=&#8220;40px||40px||true|false&#8220; custom_padding_phone=&#8220;0px||0px||true|false&#8220; da_disable_devices=&#8220;off|off|off&#8220; global_colors_info=&#8220;{}&#8220; da_is_popup=&#8220;off&#8220; da_exit_intent=&#8220;off&#8220; da_has_close=&#8220;on&#8220; da_alt_close=&#8220;off&#8220; da_dark_close=&#8220;off&#8220; da_not_modal=&#8220;on&#8220; da_is_singular=&#8220;off&#8220; da_with_loader=&#8220;off&#8220; da_has_shadow=&#8220;on&#8220;][et_pb_row _builder_version=&#8220;4.24.2&#8243; _module_preset=&#8220;default&#8220; global_colors_info=&#8220;{}&#8220;][et_pb_column type=&#8220;4_4&#8243; _builder_version=&#8220;4.24.2&#8243; _module_preset=&#8220;default&#8220; global_colors_info=&#8220;{}&#8220;][et_pb_image src=&#8220;https:\/\/simply-out-tours.de\/wp-content\/uploads\/2024\/09\/simply-out-tours-023.jpg&#8220; title_text=&#8220;simply out tours-023&#8243; _builder_version=&#8220;4.24.2&#8243; _module_preset=&#8220;default&#8220; global_colors_info=&#8220;{}&#8220;][\/et_pb_image][et_pb_text _builder_version=&#8220;4.24.2&#8243; _module_preset=&#8220;default&#8220; text_font=&#8220;||||||||&#8220; text_text_color=&#8220;#000000&#8243; text_font_size=&#8220;18px&#8220; header_font=&#8220;||||||||&#8220; header_2_font=&#8220;|600|||||||&#8220; header_2_text_color=&#8220;#6ccce2&#8243; global_colors_info=&#8220;{}&#8220;]<h2 class=\"elementor-heading-title elementor-size-default\">Radtour Zollverein \u2013 urban, gr\u00fcn und \u00fcberraschend vielseitig\n\n<\/h2>\n<p data-start=\"369\" data-end=\"688\" class=\"\">Eine Radtour zur Zeche Zollverein ist mehr als nur ein Ausflug \u2013 sie ist ein echtes Erlebnis zwischen Stadtflair und Natur, Geschichte und Gegenwart. Die Strecke f\u00fchrt dich durch typische Ruhrgebietslandschaften: von urbanen Vierteln bis zu gr\u00fcnen Oasen, von alten Industriepfaden bis hin zu modernen Begegnungsorten.<\/p>\n<p data-start=\"690\" data-end=\"1015\" class=\"\">Zollverein in Essen ist dabei nicht nur das Ziel, sondern oft auch der Startpunkt f\u00fcr Touren in alle Richtungen. Ob du Richtung Rhein-Herne-Kanal f\u00e4hrst, eine Schleife \u00fcber die Erzbahntrasse machst oder dich auf den Weg nach Gelsenkirchen oder Bottrop begibst \u2013 du entdeckst das Ruhrgebiet aus einer ganz neuen Perspektive.<\/p>\n<p data-start=\"1017\" data-end=\"1254\" class=\"\">Unterwegs erwarten dich gem\u00fctliche Caf\u00e9s, kleine Parks und spannende Fotospots. Besonders rund um das Gel\u00e4nde der Zeche Zollverein bietet sich dir eine einmalige Kulisse f\u00fcr Pausen mit Blick auf imposante Architektur und offene Pl\u00e4tze.<\/p>[\/et_pb_text][\/et_pb_column][\/et_pb_row][et_pb_row column_structure=&#8220;3_5,2_5&#8243; _builder_version=&#8220;4.24.2&#8243; _module_preset=&#8220;default&#8220; global_colors_info=&#8220;{}&#8220;][et_pb_column type=&#8220;3_5&#8243; _builder_version=&#8220;4.24.2&#8243; _module_preset=&#8220;default&#8220; global_colors_info=&#8220;{}&#8220;][et_pb_text _builder_version=&#8220;4.24.2&#8243; _module_preset=&#8220;default&#8220; text_font=&#8220;||||||||&#8220; text_text_color=&#8220;#000000&#8243; text_font_size=&#8220;18px&#8220; header_font=&#8220;||||||||&#8220; header_2_font=&#8220;|600|||||||&#8220; header_2_text_color=&#8220;#000000&#8243; header_2_font_size=&#8220;22px&#8220; custom_margin=&#8220;||23px|||&#8220; global_colors_info=&#8220;{}&#8220;]<h2 class=\"elementor-heading-title elementor-size-default\">Mit simply out tours auf Zollverein<\/h2>[\/et_pb_text][et_pb_text _builder_version=&#8220;4.24.2&#8243; _module_preset=&#8220;default&#8220; text_font=&#8220;||||||||&#8220; text_text_color=&#8220;#000000&#8243; text_font_size=&#8220;18px&#8220; header_font=&#8220;||||||||&#8220; header_2_font=&#8220;|600|||||||&#8220; header_2_text_color=&#8220;#6ccce2&#8243; custom_margin=&#8220;-12px|||||&#8220; global_colors_info=&#8220;{}&#8220;]<p data-start=\"556\" data-end=\"784\" class=\"\">\n<p data-start=\"786\" data-end=\"1163\" class=\"\">Die Radtour rund um Zollverein verbindet Geschichte, Natur und Gegenwart. Vorbei an F\u00f6rdert\u00fcrmen, stillgelegten Gleisen und moderner Architektur erlebst du das Ruhrgebiet von seiner authentischsten Seite. Auf dem Areal selbst gibt es zahlreiche Stationen zum Anhalten, Fotografieren und Entdecken \u2013 vom Ruhr Museum \u00fcber das Red Dot Design Museum bis hin zu gem\u00fctlichen Caf\u00e9s.<\/p>\n<p data-start=\"1165\" data-end=\"1341\" class=\"\">Wenn du kein eigenes Fahrrad dabei hast: Kein Problem! An mehreren Punkten im Ruhrgebiet kannst du dir unkompliziert ein Rad oder E-Bike leihen und deine Tour direkt starten.<\/p>\n<p data-start=\"1343\" data-end=\"1460\" class=\"\">Plane jetzt deine <strong data-start=\"1361\" data-end=\"1393\">Radtour zur Zeche Zollverein<\/strong> \u2013 und entdecke Industriekultur, wie du sie noch nie erlebt hast.<\/p>[\/et_pb_text][\/et_pb_column][et_pb_column type=&#8220;2_5&#8243; _builder_version=&#8220;4.24.2&#8243; _module_preset=&#8220;default&#8220; global_colors_info=&#8220;{}&#8220;][\/et_pb_column][\/et_pb_row][et_pb_row _builder_version=&#8220;4.24.2&#8243; _module_preset=&#8220;default&#8220; global_colors_info=&#8220;{}&#8220;][et_pb_column type=&#8220;4_4&#8243; _builder_version=&#8220;4.24.2&#8243; _module_preset=&#8220;default&#8220; global_colors_info=&#8220;{}&#8220;][et_pb_code _builder_version=&#8220;4.24.2&#8243; _module_preset=&#8220;default&#8220; hover_enabled=&#8220;0&#8243; sticky_enabled=&#8220;0&#8243;]<!-- FareHarbor item grid of flow #1538482 --><!-- [et_pb_line_break_holder] --><script src=\"https:\/\/fareharbor.com\/embeds\/script\/items\/simply-out-tours\/?full-items=yes&#038;fallback=simple&#038;flow=1538482\"><\/script>[\/et_pb_code][\/et_pb_column][\/et_pb_row][\/et_pb_section]\n","protected":false},"excerpt":{"rendered":"<p>Radtour Zollverein &nbsp; Radtour Zollverein \u2013 Industriekultur auf zwei R\u00e4dern erleben Die Radtour zur Zeche Zollverein geh\u00f6rt zu den eindrucksvollsten Strecken im Ruhrgebiet. Kein Wunder: Das UNESCO-Welterbe in Essen ist nicht nur architektonisch ein Highlight, sondern auch der perfekte Ausgangspunkt oder Zwischenstopp f\u00fcr eine abwechslungsreiche Tour durch das Revier. Ob du in Essen startest oder [&hellip;]<\/p>\n","protected":false},"author":1,"featured_media":0,"parent":0,"menu_order":0,"comment_status":"closed","ping_status":"closed","template":"","meta":{"_et_pb_use_builder":"on","_et_pb_old_content":"<!-- wp:divi\/placeholder \/-->","_et_gb_content_width":"","om_disable_all_campaigns":false,"_monsterinsights_skip_tracking":false,"_monsterinsights_sitenote_active":false,"_monsterinsights_sitenote_note":"","_monsterinsights_sitenote_category":0,"_uf_show_specific_survey":0,"_uf_disable_surveys":false,"footnotes":""},"class_list":["post-713","page","type-page","status-publish","hentry"],"aioseo_notices":[],"_links":{"self":[{"href":"https:\/\/simply-out-tours.de\/en\/wp-json\/wp\/v2\/pages\/713","targetHints":{"allow":["GET"]}}],"collection":[{"href":"https:\/\/simply-out-tours.de\/en\/wp-json\/wp\/v2\/pages"}],"about":[{"href":"https:\/\/simply-out-tours.de\/en\/wp-json\/wp\/v2\/types\/page"}],"author":[{"embeddable":true,"href":"https:\/\/simply-out-tours.de\/en\/wp-json\/wp\/v2\/users\/1"}],"replies":[{"embeddable":true,"href":"https:\/\/simply-out-tours.de\/en\/wp-json\/wp\/v2\/comments?post=713"}],"version-history":[{"count":10,"href":"https:\/\/simply-out-tours.de\/en\/wp-json\/wp\/v2\/pages\/713\/revisions"}],"predecessor-version":[{"id":993,"href":"https:\/\/simply-out-tours.de\/en\/wp-json\/wp\/v2\/pages\/713\/revisions\/993"}],"wp:attachment":[{"href":"https:\/\/simply-out-tours.de\/en\/wp-json\/wp\/v2\/media?parent=713"}],"curies":[{"name":"wp","href":"https:\/\/api.w.org\/{rel}","templated":true}]}}