{"id":715,"date":"2025-04-17T20:05:01","date_gmt":"2025-04-17T19:05:01","guid":{"rendered":"https:\/\/simply-out-tours.de\/?page_id=715"},"modified":"2025-06-26T10:58:02","modified_gmt":"2025-06-26T09:58:02","slug":"radverleih-ruhrgebiet","status":"publish","type":"page","link":"https:\/\/simply-out-tours.de\/en\/radverleih-ruhrgebiet\/","title":{"rendered":"Radverleih Ruhrgebiet"},"content":{"rendered":"<p>[et_pb_section fb_built=&#8220;1&#8243; admin_label=&#8220;section&#8220; _builder_version=&#8220;4.24.2&#8243; background_color=&#8220;rgba(0,0,0,0.46)&#8220; background_image=&#8220;https:\/\/simply-out-tours.de\/wp-content\/uploads\/2024\/09\/simply-out-tours-034.jpg&#8220; background_blend=&#8220;multiply&#8220; width=&#8220;99%&#8220; module_alignment=&#8220;center&#8220; custom_margin=&#8220;10px|10px|10px|10px|false|false&#8220; da_disable_devices=&#8220;off|off|off&#8220; border_radii=&#8220;off||100px||100px&#8220; global_colors_info=&#8220;{}&#8220; da_is_popup=&#8220;off&#8220; da_exit_intent=&#8220;off&#8220; da_has_close=&#8220;on&#8220; da_alt_close=&#8220;off&#8220; da_dark_close=&#8220;off&#8220; da_not_modal=&#8220;on&#8220; da_is_singular=&#8220;off&#8220; da_with_loader=&#8220;off&#8220; da_has_shadow=&#8220;on&#8220;][et_pb_row admin_label=&#8220;row&#8220; _builder_version=&#8220;4.24.2&#8243; background_size=&#8220;initial&#8220; background_position=&#8220;top_left&#8220; background_repeat=&#8220;repeat&#8220; global_colors_info=&#8220;{}&#8220;][et_pb_column type=&#8220;4_4&#8243; _builder_version=&#8220;4.16&#8243; custom_padding=&#8220;|||&#8220; global_colors_info=&#8220;{}&#8220; custom_padding__hover=&#8220;|||&#8220;][et_pb_text admin_label=&#8220;Text&#8220; _builder_version=&#8220;4.24.2&#8243; text_text_color=&#8220;#000000&#8243; text_font_size=&#8220;46px&#8220; header_text_color=&#8220;#FFFFFF&#8220; header_font_size=&#8220;43px&#8220; background_size=&#8220;initial&#8220; background_position=&#8220;top_left&#8220; background_repeat=&#8220;repeat&#8220; text_orientation=&#8220;center&#8220; custom_padding_tablet=&#8220;&#8220; custom_padding_phone=&#8220;14px||14px||true|false&#8220; custom_padding_last_edited=&#8220;on|phone&#8220; global_colors_info=&#8220;{}&#8220;]<\/p>\n<h1>Radverleih im Ruhrgebiet<\/h1>\n<p>&nbsp;<\/p>\n<div id=\"gtx-trans\" style=\"position: absolute; left: 93px; top: -0.5625px;\">\n<div class=\"gtx-trans-icon\"><\/div>\n<\/div>\n<p>[\/et_pb_text][\/et_pb_column][\/et_pb_row][\/et_pb_section][et_pb_section fb_built=&#8220;1&#8243; custom_padding_last_edited=&#8220;on|phone&#8220; _builder_version=&#8220;4.24.2&#8243; _module_preset=&#8220;default&#8220; custom_padding=&#8220;90px||90px||true|&#8220; custom_padding_tablet=&#8220;40px||40px||true|false&#8220; custom_padding_phone=&#8220;0px||0px||true|false&#8220; da_disable_devices=&#8220;off|off|off&#8220; global_colors_info=&#8220;{}&#8220; da_is_popup=&#8220;off&#8220; da_exit_intent=&#8220;off&#8220; da_has_close=&#8220;on&#8220; da_alt_close=&#8220;off&#8220; da_dark_close=&#8220;off&#8220; da_not_modal=&#8220;on&#8220; da_is_singular=&#8220;off&#8220; da_with_loader=&#8220;off&#8220; da_has_shadow=&#8220;on&#8220;][et_pb_row column_structure=&#8220;3_5,2_5&#8243; _builder_version=&#8220;4.24.2&#8243; _module_preset=&#8220;default&#8220; global_colors_info=&#8220;{}&#8220;][et_pb_column type=&#8220;3_5&#8243; _builder_version=&#8220;4.24.2&#8243; _module_preset=&#8220;default&#8220; global_colors_info=&#8220;{}&#8220;][et_pb_text _builder_version=&#8220;4.24.2&#8243; _module_preset=&#8220;default&#8220; text_font=&#8220;||||||||&#8220; text_text_color=&#8220;#000000&#8243; text_font_size=&#8220;18px&#8220; header_font=&#8220;||||||||&#8220; header_2_font=&#8220;|600|||||||&#8220; header_2_text_color=&#8220;#6ccce2&#8243; global_colors_info=&#8220;{}&#8220;]<\/p>\n<h2 class=\"elementor-heading-title elementor-size-default\">Radverleih im Ruhrgebiet \u2013 einfach, flexibel und direkt losradeln<\/h2>\n<p data-start=\"287\" data-end=\"660\" class=\"\">Du willst an der Seite unseres Guides das Ruhrgebiet mit dem Fahrrad entdecken, hast aber kein eigenes Rad dabei?<\/p>\n<p data-start=\"287\" data-end=\"660\" class=\"\">Kein Problem! <br \/>Wir organisieren dir dein Rad zu unseren Touren. Ob ein konventionelles City-Leihrad, ein Leih-Pedelec oder doch das Premium-E-Bike.<br \/>Wir sind super vernetzt und organisieren die dein Leihrad oder deine Leihr\u00e4der. Auf Wunsch auch mit Lieferung (gegen Aufpreis) denn \u2013 bei uns mietest du dein Rad genau da, wo du es brauchst.<\/p>\n<p data-start=\"287\" data-end=\"660\" class=\"\">Du m\u00f6chtest f\u00fcr einen Aufenthalt ein Leihrad mieten, ohne mit uns unterwegs zu sein? <br \/>Finden wir schade, aber auch da hilft der unkomplizierte Radverleih im Ruhrgebiet.<\/p>\n<p data-start=\"287\" data-end=\"660\" class=\"\">Wir zeigen dir, wo du schnell und zuverl\u00e4ssig das passende Leihfahrrad f\u00fcr deine Tour, deinen einen spontanen Ausflug oder einen ganzen Wochenendtrip findest.<\/p>\n<p data-start=\"662\" data-end=\"928\" class=\"\">Steig auf und erlebe das Ruhrgebiet auf zwei R\u00e4dern \u2013 nachhaltig, aktiv und ganz nah dran.<\/p>\n<p>[\/et_pb_text][et_pb_button button_url=&#8220;\/kontakt&#8220; button_text=&#8220;Jetzt Fahrrad ausleihen und das Revier erfahren!&#8220; button_alignment=&#8220;left&#8220; disabled_on=&#8220;on|on|on&#8220; _builder_version=&#8220;4.24.2&#8243; _module_preset=&#8220;default&#8220; custom_button=&#8220;on&#8220; button_text_color=&#8220;#FFFFFF&#8220; button_bg_color=&#8220;#10845f&#8220; custom_margin=&#8220;-16px||||false|false&#8220; custom_padding=&#8220;3px|||||&#8220; disabled=&#8220;on&#8220; locked=&#8220;off&#8220; global_colors_info=&#8220;{}&#8220;][\/et_pb_button][\/et_pb_column][et_pb_column type=&#8220;2_5&#8243; _builder_version=&#8220;4.24.2&#8243; _module_preset=&#8220;default&#8220; global_colors_info=&#8220;{}&#8220;][et_pb_slider _builder_version=&#8220;4.24.2&#8243; _module_preset=&#8220;default&#8220; link_option_url_new_window=&#8220;on&#8220; hover_enabled=&#8220;0&#8243; global_colors_info=&#8220;{}&#8220; sticky_enabled=&#8220;0&#8243;][et_pb_slide heading=&#8220;Unsere Leihrad-Flotte GUSTAV&#8220; button_text=&#8220;Anfrage Leihrad&#8220; button_link=&#8220;mailto:radverleih@simply-out-tours.de&#8220; image=&#8220;https:\/\/simply-out-tours.de\/wp-content\/uploads\/2025\/06\/Vorlage-Blog-1-1.png&#8220; _builder_version=&#8220;4.24.2&#8243; _module_preset=&#8220;default&#8220; background_color=&#8220;#233f8c&#8220; background_enable_color=&#8220;on&#8220; hover_enabled=&#8220;0&#8243; global_colors_info=&#8220;{}&#8220; sticky_transition=&#8220;on&#8220; alt=&#8220;Leih-Fahrr\u00e4der von simply out tours neben dem Firmen-Transporter vor dem B\u00fcro in Bochum \u2013 moderne Fahrradflotte f\u00fcr gef\u00fchrte Radtouren im Ruhrgebiet.&#8220; title_text=&#8220;Leihradflotte&#8220; sticky_enabled=&#8220;0&#8243; url_new_window=&#8220;on&#8220;][\/et_pb_slide][et_pb_slide heading=&#8220;Radstation Bochum HBF&#8220; button_text=&#8220;Anfrage Leihrad&#8220; button_link=&#8220;mailto:radstation@via.ruhr.de&#8220; image=&#8220;https:\/\/simply-out-tours.de\/wp-content\/uploads\/2025\/06\/Vorlage-Blog-2-1.png&#8220; _builder_version=&#8220;4.24.2&#8243; _module_preset=&#8220;default&#8220; background_color=&#8220;#233f8c&#8220; background_enable_color=&#8220;on&#8220; hover_enabled=&#8220;0&#8243; global_colors_info=&#8220;{}&#8220; sticky_transition=&#8220;on&#8220; alt=&#8220;Fahrradstation am Hauptbahnhof mit zahlreichen abgestellten Fahrr\u00e4dern hinter einem Zaun \u2013 zentrale Anlaufstelle f\u00fcr Fahrradverleih und Service im urbanen Ruhrgebiet. Langj\u00e4hriger Partner von simply out tours&#8220; title_text=&#8220;Radstation Bochum HBF&#8220; sticky_enabled=&#8220;0&#8243;][\/et_pb_slide][et_pb_slide heading=&#8220;Radstation Bochum JHH&#8220; button_text=&#8220;Anfrage Leihrad&#8220; button_link=&#8220;mailto:radstation@via-ruhr.de&#8220; image=&#8220;https:\/\/simply-out-tours.de\/wp-content\/uploads\/2025\/04\/Vorlage-Blog-13.png&#8220; _builder_version=&#8220;4.24.2&#8243; _module_preset=&#8220;default&#8220; background_color=&#8220;#233f8c&#8220; background_enable_color=&#8220;on&#8220; global_colors_info=&#8220;{}&#8220; sticky_transition=&#8220;on&#8220;][\/et_pb_slide][et_pb_slide heading=&#8220;Radstation Essen Kupferdreh&#8220; button_text=&#8220;Anfrage Leihrad&#8220; button_link=&#8220;mailto:radladen@neue-arbeit-essen.de&#8220; url_new_window=&#8220;on&#8220; image=&#8220;https:\/\/simply-out-tours.de\/wp-content\/uploads\/2025\/04\/Vorlage-Blog-15.png&#8220; _builder_version=&#8220;4.24.2&#8243; _module_preset=&#8220;default&#8220; background_color=&#8220;#233f8c&#8220; background_enable_color=&#8220;on&#8220; global_colors_info=&#8220;{}&#8220; sticky_transition=&#8220;on&#8220;][\/et_pb_slide][et_pb_slide heading=&#8220;E-Bike-Verleih P\u00fctz M\u00fclheim a.d.R.&#8220; button_text=&#8220;Anfrage Leihrad&#8220; button_link=&#8220;mailto:info@ruhrebikes-verleih.de&#8220; url_new_window=&#8220;on&#8220; _builder_version=&#8220;4.24.2&#8243; _module_preset=&#8220;default&#8220; background_color=&#8220;#233f8c&#8220; background_enable_color=&#8220;on&#8220; global_colors_info=&#8220;{}&#8220; sticky_transition=&#8220;on&#8220; alt=&#8220;Au\u00dfenansicht des Fahrradladens Radsport P\u00fctz in M\u00fclheim a.d.R. mit Schaufenster und Fahrr\u00e4dern \u2013 Partner f\u00fcr Fahrradverleih und Service im Ruhrgebiet.&#8220; title_text=&#8220;E-Bike-Verleih MH&#8220; image=&#8220;https:\/\/simply-out-tours.de\/wp-content\/uploads\/2025\/06\/Vorlage-Blog-4.png&#8220; hover_enabled=&#8220;0&#8243; sticky_enabled=&#8220;0&#8243;][\/et_pb_slide][et_pb_slide heading=&#8220;Radstation Duisburg HBF&#8220; button_text=&#8220;Anfrage Leihrad&#8220; button_link=&#8220;mailto:radstation@phg-du.de&#8220; url_new_window=&#8220;on&#8220; image=&#8220;https:\/\/simply-out-tours.de\/wp-content\/uploads\/2025\/04\/Vorlage-Blog-17.png&#8220; _builder_version=&#8220;4.24.2&#8243; _module_preset=&#8220;default&#8220; background_color=&#8220;#233f8c&#8220; background_enable_color=&#8220;on&#8220; global_colors_info=&#8220;{}&#8220; sticky_transition=&#8220;on&#8220;][\/et_pb_slide][et_pb_slide heading=&#8220;Radstation DU-Landschaftspark&#8220; button_text=&#8220;Anfrage Leihrad&#8220; button_link=&#8220;mailto:radstation@phg-du.de&#8220; url_new_window=&#8220;on&#8220; image=&#8220;https:\/\/simply-out-tours.de\/wp-content\/uploads\/2025\/04\/Vorlage-Blog-18.png&#8220; _builder_version=&#8220;4.24.2&#8243; _module_preset=&#8220;default&#8220; background_color=&#8220;#233f8c&#8220; background_enable_color=&#8220;on&#8220; global_colors_info=&#8220;{}&#8220; sticky_transition=&#8220;on&#8220;][\/et_pb_slide][et_pb_slide heading=&#8220;Radstation Witten&#8220; button_text=&#8220;Anfrage Leihrad&#8220; button_link=&#8220;mailto:radstation@wabembh.de&#8220; url_new_window=&#8220;on&#8220; image=&#8220;https:\/\/simply-out-tours.de\/wp-content\/uploads\/2025\/04\/Vorlage-Blog-16.png&#8220; _builder_version=&#8220;4.24.2&#8243; _module_preset=&#8220;default&#8220; background_color=&#8220;#233f8c&#8220; background_enable_color=&#8220;on&#8220; global_colors_info=&#8220;{}&#8220; sticky_transition=&#8220;on&#8220;][\/et_pb_slide][\/et_pb_slider][\/et_pb_column][\/et_pb_row][\/et_pb_section][et_pb_section fb_built=&#8220;1&#8243; custom_padding_last_edited=&#8220;on|phone&#8220; _builder_version=&#8220;4.24.2&#8243; _module_preset=&#8220;default&#8220; custom_padding=&#8220;0px||0px||true|&#8220; custom_padding_tablet=&#8220;40px||40px||true|false&#8220; custom_padding_phone=&#8220;0px||0px||true|false&#8220; da_disable_devices=&#8220;off|off|off&#8220; global_colors_info=&#8220;{}&#8220; da_is_popup=&#8220;off&#8220; da_exit_intent=&#8220;off&#8220; da_has_close=&#8220;on&#8220; da_alt_close=&#8220;off&#8220; da_dark_close=&#8220;off&#8220; da_not_modal=&#8220;on&#8220; da_is_singular=&#8220;off&#8220; da_with_loader=&#8220;off&#8220; da_has_shadow=&#8220;on&#8220;][et_pb_row column_structure=&#8220;3_5,2_5&#8243; _builder_version=&#8220;4.24.2&#8243; _module_preset=&#8220;default&#8220; global_colors_info=&#8220;{}&#8220;][et_pb_column type=&#8220;3_5&#8243; _builder_version=&#8220;4.24.2&#8243; _module_preset=&#8220;default&#8220; global_colors_info=&#8220;{}&#8220;][et_pb_image src=&#8220;https:\/\/simply-out-tours.de\/wp-content\/uploads\/2025\/01\/Quelle-Weidtmann.jpg&#8220; title_text=&#8220;\u00a9Weidtmann&#8220; _builder_version=&#8220;4.24.2&#8243; _module_preset=&#8220;default&#8220; global_colors_info=&#8220;{}&#8220;][\/et_pb_image][\/et_pb_column][et_pb_column type=&#8220;2_5&#8243; _builder_version=&#8220;4.24.2&#8243; _module_preset=&#8220;default&#8220; global_colors_info=&#8220;{}&#8220;][et_pb_text _builder_version=&#8220;4.24.2&#8243; _module_preset=&#8220;default&#8220; text_font=&#8220;||||||||&#8220; text_text_color=&#8220;#000000&#8243; text_font_size=&#8220;18px&#8220; header_font=&#8220;||||||||&#8220; header_2_font=&#8220;|600|||||||&#8220; header_2_text_color=&#8220;#6ccce2&#8243; min_height=&#8220;545px&#8220; global_colors_info=&#8220;{}&#8220;]<\/p>\n<h2 class=\"elementor-heading-title elementor-size-default\">Radverleih im Ruhrgebiet \u2013 von Essen bis Dortmund einfach mobil<\/h2>\n<p data-start=\"346\" data-end=\"635\" class=\"\">Ob in Essen, Bochum, Duisburg oder Dortmund \u2013 wer das Ruhrgebiet per Rad erleben will, ist bei uns genau richtig. Der Radverleih hier in der Region bringt dich aufs Bike \u2013 mitten rein ins Revier. Ideal f\u00fcr Tagesausfl\u00fcge, Wochenendtouren oder spontane City-Trips auf zwei R\u00e4dern.<\/p>\n<p data-start=\"637\" data-end=\"914\" class=\"\">Jede Stadt hat ihren eigenen Charakter: In Essen radelst du entlang der Industriekultur, in Bochum durchs gr\u00fcne Ruhrtal, in Dortmund durch Parks und Szeneviertel. Und mit dem passenden Mietrad bist du \u00fcberall flexibel unterwegs \u2013 ohne Parkplatzsuche, stressfrei und nachhaltig.<\/p>\n<p>[\/et_pb_text][\/et_pb_column][\/et_pb_row][et_pb_row column_structure=&#8220;3_5,2_5&#8243; _builder_version=&#8220;4.24.2&#8243; _module_preset=&#8220;default&#8220; global_colors_info=&#8220;{}&#8220; custom_margin=&#8220;|auto||406px||&#8220;][et_pb_column type=&#8220;3_5&#8243; _builder_version=&#8220;4.24.2&#8243; _module_preset=&#8220;default&#8220; global_colors_info=&#8220;{}&#8220;][et_pb_text _builder_version=&#8220;4.24.2&#8243; _module_preset=&#8220;default&#8220; text_font=&#8220;||||||||&#8220; text_text_color=&#8220;#000000&#8243; text_font_size=&#8220;18px&#8220; header_font=&#8220;||||||||&#8220; header_2_font=&#8220;|600|||||||&#8220; header_2_text_color=&#8220;#000000&#8243; header_2_font_size=&#8220;22px&#8220; custom_margin=&#8220;||23px|||&#8220; hover_enabled=&#8220;0&#8243; global_colors_info=&#8220;{}&#8220; sticky_enabled=&#8220;0&#8243;]<\/p>\n<h2 class=\"elementor-heading-title elementor-size-default\">Radfahren im Ruhrgebiet \u2013 mit Leihrad und Guide auf Entdeckungstour<\/h2>\n<p>[\/et_pb_text][et_pb_text _builder_version=&#8220;4.24.2&#8243; _module_preset=&#8220;default&#8220; text_font=&#8220;||||||||&#8220; text_text_color=&#8220;#000000&#8243; text_font_size=&#8220;18px&#8220; header_font=&#8220;||||||||&#8220; header_2_font=&#8220;|600|||||||&#8220; header_2_text_color=&#8220;#6ccce2&#8243; global_colors_info=&#8220;{}&#8220;]<\/p>\n<p data-start=\"257\" data-end=\"740\">Gerade das Ruhrgebiet bietet f\u00fcr Radfahrerinnen und Radfahrer eine spannende Mischung aus Natur und Industriekultur: ehemalige Bahntrassen, gr\u00fcne Landschaften, beeindruckende Industriedenkm\u00e4ler und urbane Hotspots. Die Radwege im Ruhrgebiet sind gut ausgebaut und bieten sowohl f\u00fcr Genussradler als auch f\u00fcr aktive Entdecker optimale Bedingungen. Viele Radtouren f\u00fchren direkt durch die Innenst\u00e4dte \u2013 oder hinaus ins Gr\u00fcne, entlang von Kan\u00e4len, Fl\u00fcssen oder ehemaligen Zechenarealen.<\/p>\n<p data-start=\"742\" data-end=\"1020\">Ob du in <strong data-start=\"751\" data-end=\"763\">Dortmund<\/strong> zur <strong data-start=\"768\" data-end=\"789\">Phoenix-West-Tour<\/strong> startest, in <strong data-start=\"803\" data-end=\"812\">Essen<\/strong> die <strong data-start=\"817\" data-end=\"837\">Zeche Zollverein<\/strong> erkundest oder in <strong data-start=\"856\" data-end=\"868\">Duisburg<\/strong> am Rhein entlang radelst: Unsere erfahrenen Guides zeigen dir die sch\u00f6nsten Orte und spannendsten Geschichten \u2013 abseits der klassischen Touristenpfade.<\/p>\n<p data-start=\"1022\" data-end=\"1337\">Mit unseren hochwertigen <strong data-start=\"1047\" data-end=\"1065\">Leihfahrr\u00e4dern<\/strong> bist du dabei maximal flexibel unterwegs. F\u00fcr alle Touren zum Wunschtermin bieten wir dir den vollen <strong data-start=\"1167\" data-end=\"1186\">Leihrad-Service<\/strong>: Wir liefern die Fahrr\u00e4der direkt zum Startpunkt deiner Tour und holen sie dort auch wieder ab. So kannst du dich ganz auf das Erlebnis konzentrieren.<\/p>\n<p data-start=\"1339\" data-end=\"1540\">Sprich uns gerne an \u2013 wir erstellen dir ein individuelles, unverbindliches Angebot f\u00fcr deine exklusive <strong data-start=\"1442\" data-end=\"1482\">Radtour im Ruhrgebiet mit Mietr\u00e4dern<\/strong>, ob als private Gruppe, Betriebsausflug oder Teamevent.<\/p>\n<p>[\/et_pb_text][\/et_pb_column][et_pb_column type=&#8220;2_5&#8243; _builder_version=&#8220;4.24.2&#8243; _module_preset=&#8220;default&#8220; global_colors_info=&#8220;{}&#8220;][et_pb_image src=&#8220;https:\/\/simply-out-tours.de\/wp-content\/uploads\/2025\/06\/Gustav.jpg&#8220; _builder_version=&#8220;4.24.2&#8243; _module_preset=&#8220;default&#8220; alt=&#8220;Modernes Citybike GUSTAV von NEARBYK mit tiefem Einstieg, Nabenschaltung und Komfortsattel \u2013 zuverl\u00e4ssiges Leihfahrrad f\u00fcr Touren mit simply out tours im Ruhrgebiet.&#8220; title_text=&#8220;Leihrad Gustav&#8220; hover_enabled=&#8220;0&#8243; sticky_enabled=&#8220;0&#8243; custom_padding=&#8220;85px|||||&#8220;][\/et_pb_image][et_pb_text _builder_version=&#8220;4.24.2&#8243; _module_preset=&#8220;default&#8220; hover_enabled=&#8220;0&#8243; sticky_enabled=&#8220;0&#8243;]<\/p>\n<p><strong data-start=\"111\" data-end=\"149\">Unser Leihrad \u201eGustav\u201c von NEARBYK<\/strong> bietet dir Komfort, Sicherheit und Stil \u2013 ideal f\u00fcr entspannte Stadttouren und Tagesausfl\u00fcge im Ruhrgebiet. <br \/>Mit tiefem Einstieg, 7-Gang-Nabenschaltung, Federgabel und bequemen Sattel ist es perfekt f\u00fcr alle, die bequem und zuverl\u00e4ssig unterwegs sein m\u00f6chten. Ausgestattet mit Licht, Gep\u00e4cktr\u00e4ger und stabilem Rahmen begleitet dich Gustav souver\u00e4n auf jeder Strecke.<\/p>\n<p>[\/et_pb_text][\/et_pb_column][\/et_pb_row][\/et_pb_section][et_pb_section fb_built=&#8220;1&#8243; _builder_version=&#8220;4.24.2&#8243; _module_preset=&#8220;default&#8220; da_disable_devices=&#8220;off|off|off&#8220; global_colors_info=&#8220;{}&#8220; da_is_popup=&#8220;off&#8220; da_exit_intent=&#8220;off&#8220; da_has_close=&#8220;on&#8220; da_alt_close=&#8220;off&#8220; da_dark_close=&#8220;off&#8220; da_not_modal=&#8220;on&#8220; da_is_singular=&#8220;off&#8220; da_with_loader=&#8220;off&#8220; da_has_shadow=&#8220;on&#8220;][\/et_pb_section]<\/p>\n","protected":false},"excerpt":{"rendered":"<p>Radverleih im Ruhrgebiet &nbsp; Radverleih im Ruhrgebiet \u2013 einfach, flexibel und direkt losradeln Du willst an der Seite unseres Guides das Ruhrgebiet mit dem Fahrrad entdecken, hast aber kein eigenes Rad dabei? Kein Problem! Wir organisieren dir dein Rad zu unseren Touren. Ob ein konventionelles City-Leihrad, ein Leih-Pedelec oder doch das Premium-E-Bike.Wir sind super vernetzt [&hellip;]<\/p>\n","protected":false},"author":1,"featured_media":0,"parent":0,"menu_order":0,"comment_status":"closed","ping_status":"closed","template":"","meta":{"_et_pb_use_builder":"on","_et_pb_old_content":"<!-- wp:divi\/placeholder \/-->","_et_gb_content_width":"","om_disable_all_campaigns":false,"_monsterinsights_skip_tracking":false,"_monsterinsights_sitenote_active":false,"_monsterinsights_sitenote_note":"","_monsterinsights_sitenote_category":0,"_uf_show_specific_survey":0,"_uf_disable_surveys":false,"footnotes":""},"class_list":["post-715","page","type-page","status-publish","hentry"],"aioseo_notices":[],"_links":{"self":[{"href":"https:\/\/simply-out-tours.de\/en\/wp-json\/wp\/v2\/pages\/715","targetHints":{"allow":["GET"]}}],"collection":[{"href":"https:\/\/simply-out-tours.de\/en\/wp-json\/wp\/v2\/pages"}],"about":[{"href":"https:\/\/simply-out-tours.de\/en\/wp-json\/wp\/v2\/types\/page"}],"author":[{"embeddable":true,"href":"https:\/\/simply-out-tours.de\/en\/wp-json\/wp\/v2\/users\/1"}],"replies":[{"embeddable":true,"href":"https:\/\/simply-out-tours.de\/en\/wp-json\/wp\/v2\/comments?post=715"}],"version-history":[{"count":14,"href":"https:\/\/simply-out-tours.de\/en\/wp-json\/wp\/v2\/pages\/715\/revisions"}],"predecessor-version":[{"id":857,"href":"https:\/\/simply-out-tours.de\/en\/wp-json\/wp\/v2\/pages\/715\/revisions\/857"}],"wp:attachment":[{"href":"https:\/\/simply-out-tours.de\/en\/wp-json\/wp\/v2\/media?parent=715"}],"curies":[{"name":"wp","href":"https:\/\/api.w.org\/{rel}","templated":true}]}}